{"id":54,"date":"2018-02-21T17:39:31","date_gmt":"2018-02-21T16:39:31","guid":{"rendered":"http:\/\/webek2.fuw.edu.pl\/knof\/?page_id=54"},"modified":"2026-02-21T16:49:09","modified_gmt":"2026-02-21T15:49:09","slug":"knof-uw","status":"publish","type":"page","link":"https:\/\/knof.fuw.edu.pl\/index.php\/o-nas\/knof-uw\/","title":{"rendered":"KNOF UW"},"content":{"rendered":"<p><img loading=\"lazy\" decoding=\"async\" class=\"wp-image-21 aligncenter hoverZoomLink\" src=\"http:\/\/webek2.fuw.edu.pl\/knof\/wp-content\/uploads\/2018\/02\/KNOF1_Basic_PL-01-300x141.png\" alt=\"\" width=\"366\" height=\"172\" srcset=\"https:\/\/knof.fuw.edu.pl\/wp-content\/uploads\/2018\/02\/KNOF1_Basic_PL-01-300x141.png 300w, https:\/\/knof.fuw.edu.pl\/wp-content\/uploads\/2018\/02\/KNOF1_Basic_PL-01.png 395w\" sizes=\"auto, (max-width: 366px) 100vw, 366px\" \/><\/p>\n<h4 style=\"text-align: center;\">Ko\u0142o Naukowe Optyki i Fotoniki UW<\/h4>\n<p><strong>Ko\u0142o Naukowe Optyki i Fotoniki<\/strong> (KNOF), University of Warsaw OSA\u00a0Student Chapter<strong>,<\/strong> University of Warsaw SPIE Student Chapter, University of Warsaw Optics EPS Young Minds Section, University of Warsaw IEEE Photonics Student Branch Chapter (ze wzgl\u0119d\u00f3w formalnych istniejemy jako oddzielne organizacje o zbie\u017cnych celach) powsta\u0142y z incjatywy studencko-doktoranckiej na pocz\u0105tku roku 2011. Celem projektu jest wspieranie i zach\u0119canie do aktywno\u015bci naukowej student\u00f3w i doktorant\u00f3w zajmuj\u0105cych si\u0119 szeroko poj\u0119t\u0105 optyk\u0105 i fotonik\u0105. Chcemy u\u0142atwi\u0107 komunikacj\u0119 pomi\u0119dzy studentami Uniwersytetu Warszawskiego, naukowcami w obr\u0119bie naszego kraju, jak r\u00f3wnie\u017c wspiera\u0107 kontakty i projekty mi\u0119dzynarodowe.<\/p>\n<p>Wierzymy, ze ko\u0142o stanie si\u0119 platform\u0105 s\u0142u\u017c\u0105c\u0105 wymianie wiedzy i pomys\u0142\u00f3w naukowych, \u0142\u0105cz\u0105c\u0105 dotychczasowe badania w r\u00f3\u017cnych dziedzinach optyki i fotoniki oraz zach\u0119caj\u0105c\u0105 student\u00f3w do czynnego zaanga\u017cowania si\u0119 we wsp\u00f3lne prace i projekty naukowe. Szczeg\u00f3lnie stawiamy sobie za cel zainteresowanie optyk\u0105 i zach\u0119cenie do dzia\u0142alno\u015bci naukowej student\u00f3w pocz\u0105tkowych lat studi\u00f3w, kt\u00f3rych entuzjazm i \u015bwie\u017ce pomys\u0142y mog\u0105 zrealizowa\u0107 si\u0119 w tw\u00f3rczej pracy pod okiem bardziej do\u015bwiadczonych koleg\u00f3w i kole\u017canek.<\/p>\n<p>Nasze cele realizujemy przez:<\/p>\n<ul>\n<li>organizacj\u0119 wyk\u0142ad\u00f3w<\/li>\n<li>organizacje wyjazd\u00f3w na konferencje krajowe oraz mi\u0119dzynarodowe<\/li>\n<li>organizacj\u0119 w\u0142asnej konferencji studenckiej &#8211; <a href=\"http:\/\/minimodes.fuw.edu.pl\"><span style=\"text-decoration: underline;\">miniModes Photonics School<\/span><\/a><\/li>\n<li>pomaganie w zdobyciu dofinansowania wyjazd\u00f3w na konferencje<\/li>\n<li>popularyzacj\u0119 nauki o \u015bwietle \u2013 optyki i fotoniki<\/li>\n<li>umo\u017cliwienie cz\u0142onkom ko\u0142a nawi\u0105zania mi\u0119dzynarodowych kontakt\u00f3w<\/li>\n<li>integracj\u0119 cz\u0142onk\u00f3w KNOF<\/li>\n<li>i inne \u2013 czekamy na Twoje pomys\u0142y!<\/li>\n<\/ul>\n<p><strong>Opiekunem Ko\u0142a Naukowego Optyki i Fotoniki<\/strong> jest <a href=\"https:\/\/usosweb.fuw.edu.pl\/kontroler.php?_action=katalog2\/osoby\/pokazOsobe&amp;os_id=24870\">dr Micha\u0142 Karpi\u0144ski<\/a> z Wydzia\u0142u Fizyki UW.<\/p>\n<p>Nasz mail to knof[at]fuw.edu.pl<\/p>\n<h6>Regulamin i Status KNOF UW<\/h6>\n<h1>Zarz\u0105d 2026<\/h1>\n<p>Prezes: Tomasz Prokop<br \/>\nViceprezes: Maksymilian Ogorza\u0142ek<br \/>\nViceprezes: Beata Siorek<br \/>\nViceprezes: Antoni Skoczypiec<br \/>\nViceprezes: Ewa Pajurek<br \/>\nSkarbnik: Jakub Sobo\u0144<br \/>\nSekretarz: Wiktor Krokosz<\/p>\n<h2>Zarz\u0105dy z minionych lat:<\/h2>\n<h3>Zarz\u0105d 2025<\/h3>\n<p>Prezes: Wiktor Krokosz<br \/>\nViceprezes: Bartosz Kasza<br \/>\nViceprezes: Jan Nowosielski<br \/>\nViceprezes: Maksymilian Ogorza\u0142ek<br \/>\nSkarbnik: Tomasz Prokop<br \/>\nSekretarz: Bartosz Niewelt<\/p>\n<h3>Zarz\u0105d 2024<\/h3>\n<p>Prezes: Bartosz Niewelt<br \/>\nViceprezes: Stanis\u0142aw Kurzyna<br \/>\nViceprezes Zofia Dziekan<br \/>\nSkarbnik: Wiktor Krokosz<br \/>\nSekretarz: Marcin Jastrz\u0119bski<\/p>\n<h3>Zarz\u0105d 2023<\/h3>\n<p>Prezes: Marcin Jastrz\u0119bski<br \/>\nViceprezes: Stanis\u0142aw Kurzyna<br \/>\nViceprezes Zofia Dziekan<br \/>\nSkarbnik: Pavel Halavach<br \/>\nSekretarz: Katarzyna Ludwiczak<\/p>\n<h3>Zarz\u0105d 2022<\/h3>\n<p>Prezes: <a href=\"https:\/\/usosweb.uw.edu.pl\/kontroler.php?_action=katalog2\/osoby\/pokazOsobe&amp;os_id=296221\">Katarzyna Ludwiczak<\/a><br \/>\nViceprezes: Micha\u0142 Chrzanowski<br \/>\nViceprezes <a href=\"https:\/\/usosweb.uw.edu.pl\/kontroler.php?_action=katalog2\/osoby\/pokazOsobe&amp;os_id=296185\">Micha\u0142 Lipka<\/a><br \/>\nSkarbnik: <a href=\"https:\/\/usosweb.uw.edu.pl\/kontroler.php?_action=actionx:katalog2\/osoby\/pokazOsobe(os_id:190996)\">Micha\u0142 Miko\u0142ajczyk<\/a><br \/>\nSekretarz: <a href=\"https:\/\/usosweb.uw.edu.pl\/kontroler.php?_action=katalog2\/osoby\/pokazOsobe&amp;os_id=376755\">Adam Widomski<\/a><\/p>\n<h3>Zarz\u0105d 2021<\/h3>\n<p>Prezes:\u00a0 <a href=\"https:\/\/usosweb.uw.edu.pl\/kontroler.php?_action=actionx:katalog2\/osoby\/pokazOsobe(os_id:190996)\">Adam Widomski<\/a><br \/>\nViceprezes: <a href=\"https:\/\/usosweb.uw.edu.pl\/kontroler.php?_action=katalog2\/osoby\/pokazOsobe&amp;os_id=296221\">Katarzyna Ludwiczak<\/a><br \/>\nViceprezes: <a href=\"https:\/\/usosweb.uw.edu.pl\/kontroler.php?_action=katalog2\/osoby\/pokazOsobe&amp;os_id=382401\">Uliana Pylypenko<\/a><br \/>\nSkarbnik: <a href=\"https:\/\/usosweb.uw.edu.pl\/kontroler.php?_action=actionx:katalog2\/osoby\/pokazOsobe(os_id:283426)\">Filip So\u015bnicki<\/a><br \/>\nSekretarz:<a href=\"https:\/\/usosweb.uw.edu.pl\/kontroler.php?_action=actionx:katalog2\/osoby\/pokazOsobe(os_id:190996)\"> Micha\u0142 Miko\u0142ajczyk<\/a><\/p>\n<h3>Zarz\u0105d 2020<\/h3>\n<p>Prezes: \u00a0<a href=\"https:\/\/usosweb.uw.edu.pl\/kontroler.php?_action=actionx:katalog2\/osoby\/pokazOsobe(os_id:190996)\">Micha\u0142 Miko\u0142ajczyk<\/a><br \/>\nViceprezes: <a href=\"https:\/\/usosweb.uw.edu.pl\/kontroler.php?_action=actionx:katalog2\/osoby\/pokazOsobe(os_id:190996)\">Adam Widomski<\/a><br \/>\nViceprezes: <a href=\"https:\/\/usosweb.uw.edu.pl\/kontroler.php?_action=katalog2\/osoby\/pokazOsobe&amp;os_id=382401\">Uliana Pylypenko<\/a><br \/>\nSkarbnik: <a href=\"https:\/\/usosweb.uw.edu.pl\/kontroler.php?_action=actionx:katalog2\/osoby\/pokazOsobe(os_id:283426)\">Filip So\u015bnicki<\/a><br \/>\nSekretarz:\u00a0Piotr W\u0119grzyn<\/p>\n<h3>2019<\/h3>\n<p>Prezes:\u00a0<a href=\"https:\/\/usosweb.fuw.edu.pl\/kontroler.php?_action=katalog2\/osoby\/pokazOsobe&amp;os_id=273690\">Piotr W\u0119grzyn<\/a><br \/>\nViceprezes: Natalia Kuk<br \/>\nViceprezes: <a href=\"https:\/\/usosweb.uw.edu.pl\/kontroler.php?_action=actionx:katalog2\/osoby\/pokazOsobe(os_id:190996)\">Micha\u0142 Miko\u0142ajczyk<\/a><br \/>\nSkarbnik: <a href=\"https:\/\/usosweb.uw.edu.pl\/kontroler.php?_action=actionx:katalog2\/osoby\/pokazOsobe(os_id:283426)\">Filip So\u015bnicki<\/a><br \/>\nSekretarz:\u00a0<a href=\"https:\/\/usosweb.fuw.edu.pl\/kontroler.php?_action=katalog2\/osoby\/pokazOsobe&amp;os_id=274734\">Jakub Dobosz<\/a><\/p>\n<h3>2018<\/h3>\n<p>Prezes: <a href=\"https:\/\/usosweb.fuw.edu.pl\/kontroler.php?_action=katalog2\/osoby\/pokazOsobe&amp;os_id=274734\">Jakub Dobosz<\/a><br \/>\nViceprezes: <a href=\"https:\/\/usosweb.fuw.edu.pl\/kontroler.php?_action=katalog2\/osoby\/pokazOsobe&amp;os_id=214382\">Miko\u0142aj Rog\u00f3\u017c<\/a><br \/>\nSkarbnik: <a href=\"https:\/\/usosweb.fuw.edu.pl\/kontroler.php?_action=katalog2\/osoby\/pokazOsobe&amp;os_id=168356\">Micha\u0142 Jachura<\/a><\/p>\n<h3>2017<\/h3>\n<p>Prezes:<a href=\"https:\/\/usosweb.fuw.edu.pl\/kontroler.php?_action=katalog2\/osoby\/pokazOsobe&amp;os_id=273690\"> Piotr W\u0119grzyn<\/a><br \/>\nViceprezes: <a href=\"https:\/\/usosweb.fuw.edu.pl\/kontroler.php?_action=katalog2\/osoby\/pokazOsobe&amp;os_id=171963\">Justyna Piwowar<\/a><br \/>\nViceprezes: <a href=\"https:\/\/usosweb.fuw.edu.pl\/kontroler.php?_action=katalog2\/osoby\/pokazOsobe&amp;os_id=274734\">Jakub Dobosz<\/a><br \/>\nSkarbnik: <a href=\"https:\/\/usosweb.fuw.edu.pl\/kontroler.php?_action=katalog2\/osoby\/pokazOsobe&amp;os_id=168356\">Micha\u0142 Jachura<\/a><\/p>\n<h3>2016<\/h3>\n<p>Prezes: Micha\u0142 Parniak<br \/>\nViceprezes: Jerzy Szuniewicz<br \/>\nSekretarz: Piotr W\u0119grzyn<br \/>\nSkarbnik Jan Szczepanek<\/p>\n","protected":false},"excerpt":{"rendered":"<p>Ko\u0142o Naukowe Optyki i Fotoniki UW Ko\u0142o Naukowe Optyki i Fotoniki (KNOF), University of Warsaw OSA\u00a0Student Chapter, University of Warsaw SPIE Student Chapter, University of Warsaw Optics EPS Young Minds Section, University of Warsaw IEEE Photonics Student Branch Chapter (ze wzgl\u0119d\u00f3w formalnych istniejemy jako oddzielne organizacje o zbie\u017cnych celach) powsta\u0142y &hellip;<\/p>\n","protected":false},"author":1,"featured_media":1108,"parent":38,"menu_order":0,"comment_status":"closed","ping_status":"closed","template":"","meta":{"footnotes":""},"class_list":["post-54","page","type-page","status-publish","has-post-thumbnail","hentry"],"_links":{"self":[{"href":"https:\/\/knof.fuw.edu.pl\/index.php\/wp-json\/wp\/v2\/pages\/54","targetHints":{"allow":["GET"]}}],"collection":[{"href":"https:\/\/knof.fuw.edu.pl\/index.php\/wp-json\/wp\/v2\/pages"}],"about":[{"href":"https:\/\/knof.fuw.edu.pl\/index.php\/wp-json\/wp\/v2\/types\/page"}],"author":[{"embeddable":true,"href":"https:\/\/knof.fuw.edu.pl\/index.php\/wp-json\/wp\/v2\/users\/1"}],"replies":[{"embeddable":true,"href":"https:\/\/knof.fuw.edu.pl\/index.php\/wp-json\/wp\/v2\/comments?post=54"}],"version-history":[{"count":25,"href":"https:\/\/knof.fuw.edu.pl\/index.php\/wp-json\/wp\/v2\/pages\/54\/revisions"}],"predecessor-version":[{"id":2472,"href":"https:\/\/knof.fuw.edu.pl\/index.php\/wp-json\/wp\/v2\/pages\/54\/revisions\/2472"}],"up":[{"embeddable":true,"href":"https:\/\/knof.fuw.edu.pl\/index.php\/wp-json\/wp\/v2\/pages\/38"}],"wp:featuredmedia":[{"embeddable":true,"href":"https:\/\/knof.fuw.edu.pl\/index.php\/wp-json\/wp\/v2\/media\/1108"}],"wp:attachment":[{"href":"https:\/\/knof.fuw.edu.pl\/index.php\/wp-json\/wp\/v2\/media?parent=54"}],"curies":[{"name":"wp","href":"https:\/\/api.w.org\/{rel}","templated":true}]}}