{"id":51,"date":"2018-02-21T17:33:34","date_gmt":"2018-02-21T16:33:34","guid":{"rendered":"http:\/\/webek2.fuw.edu.pl\/knof\/?page_id=51"},"modified":"2021-11-20T14:44:24","modified_gmt":"2021-11-20T13:44:24","slug":"linki","status":"publish","type":"page","link":"https:\/\/knof.fuw.edu.pl\/index.php\/linki\/","title":{"rendered":"Linki"},"content":{"rendered":"<h3>Uniwersytet Warszawski<\/h3>\n<h5><a href=\"http:\/\/optyka.uw.edu.pl\">Optyka i Fotonika na UW<\/a><\/h5>\n<p>&#8211; znajdziesz tu wi\u0119kszo\u015b\u0107 grup badawczych zajmuj\u0105cych si\u0119 optyk\u0105 i fotonik\u0105 na UW<\/p>\n<h6>Grupy do\u015bwiadczalne:<\/h6>\n<p><a href=\"http:\/\/www.optics.fuw.edu.pl\">Zak\u0142ad Optyki IFD, Wydzia\u0142 Fizyki<\/a><\/p>\n<h6>Grupy teoretyczne:<\/h6>\n<p><a href=\"http:\/\/www.fuw.edu.pl\/~matri\/\">Nieliniowa Optyka Atom\u00f3w i Foton\u00f3w, Wydzia\u0142 Fizyki<\/a><br \/>\n<a href=\"http:\/\/www.fuw.edu.pl\/~dragan\/\">Relatywistyczna Informacja Kwantowa, Wydzia\u0142 Fizyki<\/a><\/p>\n<h3>Narodowe Laboratorium Fotoniki i Technologii Kwantowych<\/h3>\n<p><a href=\"http:\/\/nlpqt.fuw.edu.pl\/\">Konsorcjum NLPQT<\/a><\/p>\n<h3>Organizacje pozarz\u0105dowe<\/h3>\n<p><a href=\"https:\/\/candela.org.pl\">Fundacja Candela<\/a><\/p>\n<h3>Polska Akademia Nauk<\/h3>\n<p><a href=\"http:\/\/www.ichf.edu.pl\/res\/CL\/index.html\">Centrum Laserowe, Instytut Chemii Fizycznej<\/a><br \/>\n<a href=\"http:\/\/pob-lab.com\">Zesp\u00f3\u0142 Optyki Fizycznej i Biofotoniki, IChF PAN<\/a><br \/>\n<a href=\"http:\/\/icter.pl\">Mi\u0119dzynarodowe Centrum Bada\u0144 Oka, IChF PAN<\/a><\/p>\n<h3>Firmy zwi\u0105zane z UW<\/h3>\n<p><a href=\"http:\/\/fluence.pl\">Fluence, Warszawa<\/a><\/p>\n<h3>Uniwersytet Gda\u0144ski<\/h3>\n<p><a href=\"http:\/\/kcik.ug.edu.pl\">Krajowe Centrum Informatyki Kwantowej<\/a><\/p>\n<p>&nbsp;<\/p>\n","protected":false},"excerpt":{"rendered":"<p>Uniwersytet Warszawski Optyka i Fotonika na UW &#8211; znajdziesz tu wi\u0119kszo\u015b\u0107 grup badawczych zajmuj\u0105cych si\u0119 optyk\u0105 i fotonik\u0105 na UW Grupy do\u015bwiadczalne: Zak\u0142ad Optyki IFD, Wydzia\u0142 Fizyki Grupy teoretyczne: Nieliniowa Optyka Atom\u00f3w i Foton\u00f3w, Wydzia\u0142 Fizyki Relatywistyczna Informacja Kwantowa, Wydzia\u0142 Fizyki Narodowe Laboratorium Fotoniki i Technologii Kwantowych Konsorcjum NLPQT Organizacje &hellip;<\/p>\n","protected":false},"author":1,"featured_media":1107,"parent":0,"menu_order":0,"comment_status":"closed","ping_status":"closed","template":"","meta":{"footnotes":""},"class_list":["post-51","page","type-page","status-publish","has-post-thumbnail","hentry"],"_links":{"self":[{"href":"https:\/\/knof.fuw.edu.pl\/index.php\/wp-json\/wp\/v2\/pages\/51","targetHints":{"allow":["GET"]}}],"collection":[{"href":"https:\/\/knof.fuw.edu.pl\/index.php\/wp-json\/wp\/v2\/pages"}],"about":[{"href":"https:\/\/knof.fuw.edu.pl\/index.php\/wp-json\/wp\/v2\/types\/page"}],"author":[{"embeddable":true,"href":"https:\/\/knof.fuw.edu.pl\/index.php\/wp-json\/wp\/v2\/users\/1"}],"replies":[{"embeddable":true,"href":"https:\/\/knof.fuw.edu.pl\/index.php\/wp-json\/wp\/v2\/comments?post=51"}],"version-history":[{"count":13,"href":"https:\/\/knof.fuw.edu.pl\/index.php\/wp-json\/wp\/v2\/pages\/51\/revisions"}],"predecessor-version":[{"id":900,"href":"https:\/\/knof.fuw.edu.pl\/index.php\/wp-json\/wp\/v2\/pages\/51\/revisions\/900"}],"wp:featuredmedia":[{"embeddable":true,"href":"https:\/\/knof.fuw.edu.pl\/index.php\/wp-json\/wp\/v2\/media\/1107"}],"wp:attachment":[{"href":"https:\/\/knof.fuw.edu.pl\/index.php\/wp-json\/wp\/v2\/media?parent=51"}],"curies":[{"name":"wp","href":"https:\/\/api.w.org\/{rel}","templated":true}]}}