{"id":45,"date":"2018-02-21T17:30:45","date_gmt":"2018-02-21T16:30:45","guid":{"rendered":"http:\/\/webek2.fuw.edu.pl\/knof\/?page_id=45"},"modified":"2020-04-23T17:52:01","modified_gmt":"2020-04-23T15:52:01","slug":"eps-ym-section","status":"publish","type":"page","link":"https:\/\/knof.fuw.edu.pl\/index.php\/o-nas\/eps-ym-section\/","title":{"rendered":"EPS YM Section"},"content":{"rendered":"<p><img loading=\"lazy\" decoding=\"async\" class=\"size-medium wp-image-1025 aligncenter\" src=\"https:\/\/knof.fuw.edu.pl\/wp-content\/uploads\/2018\/02\/Logo-Young-Minds-CMYK-Black-300x122.jpg\" alt=\"\" width=\"300\" height=\"122\" srcset=\"https:\/\/knof.fuw.edu.pl\/wp-content\/uploads\/2018\/02\/Logo-Young-Minds-CMYK-Black-300x122.jpg 300w, https:\/\/knof.fuw.edu.pl\/wp-content\/uploads\/2018\/02\/Logo-Young-Minds-CMYK-Black-1536x626.jpg 1536w, https:\/\/knof.fuw.edu.pl\/wp-content\/uploads\/2018\/02\/Logo-Young-Minds-CMYK-Black-768x313.jpg 768w, https:\/\/knof.fuw.edu.pl\/wp-content\/uploads\/2018\/02\/Logo-Young-Minds-CMYK-Black-1024x417.jpg 1024w, https:\/\/knof.fuw.edu.pl\/wp-content\/uploads\/2018\/02\/Logo-Young-Minds-CMYK-Black-491x200.jpg 491w, https:\/\/knof.fuw.edu.pl\/wp-content\/uploads\/2018\/02\/Logo-Young-Minds-CMYK-Black.jpg 1623w\" sizes=\"auto, (max-width: 300px) 100vw, 300px\" \/><\/p>\n<h4 style=\"text-align: center;\">University of Warsaw Optics EPS Young Minds Section<\/h4>\n<p>&nbsp;<\/p>\n<p>W maju 2017 do\u0142\u0105czyli\u015bmy do grona<a href=\"http:\/\/www.epsyoungminds.org\"><span style=\"text-decoration: underline;\"> EPS Young Minds Sections<\/span><\/a>, dzia\u0142aj\u0105cych pod parasolem <a href=\"http:\/\/www.eps.org\"><span style=\"text-decoration: underline;\">European Physical Society<\/span> (EPS<\/a>). B\u0119d\u0105c oddzia\u0142em tej mi\u0119dzynarodowej sieci organizacji studenckich, uzyskali\u015bmy dost\u0119p do grant\u00f3w finansuj\u0105cych dzia\u0142alno\u015bci student\u00f3w oraz mo\u017cliwo\u015b\u0107 uczestniczenia w rokrocznie organizowanych warsztatach pozwalaj\u0105cych na podwy\u017cszenie swoich kwalifikacji.<\/p>\n<p><a href=\"http:\/\/www.eps.org\">EPS<\/a> jest organizacj\u0105 not-for-profit zrzeszaj\u0105c\u0105 42 krajowe Towarzystwa Fizyczne (w tym <span style=\"text-decoration: underline;\"><a href=\"http:\/\/www.ptf.net.pl\">Polskie Towarzystwo Fizyczne<\/a><\/span>) oraz indywidualnych cz\u0142onk\u00f3w pracuj\u0105cych \u00a0we wszystkich obszar\u00f3w nauki zwi\u0105zanych z fizyk\u0105.<\/p>\n<p>Uczestnicz\u0105c w KNOF nie musisz by\u0107 cz\u0142onkiem EPS, aczkolwiek w wielu sytuacjach mo\u017ce to by\u0107 korzystne. Aby zosta\u0107 cz\u0142onkiem EPS, musisz najpierw zosta\u0107 cz\u0142onkiem <a href=\"http:\/\/www.ptf.net.pl\">Polskiego Towarzystwa Fizycznego<\/a>, szczeg\u00f3\u0142y zwi\u0105zane z uzyskaniem cz\u0142onkostwa PTF znajdziesz na <a href=\"http:\/\/www.ptf.net.pl\/czlonkostwo\/dolacz-do-ptf\/\">tej<\/a> stronie \u2013 sk\u0142adka roczna dla student\u00f3w, przez pierwsze dwa lata, to 10 PLN. B\u0119d\u0105c juz cz\u0142onkiem PTF mo\u017ce zosta\u0107 studenckim cz\u0142onkiem EPS \u2013 cz\u0142onkostwo roczne to op\u0142ata wysoko\u015b\u0107 20 EUR\/rok. Warto na temat op\u0142at porozmawia\u0107 ze swoim opiekunem naukowym \u2013 by\u0107 mo\u017ce zgodzi si\u0119 sfinansowa\u0107 Twoje cz\u0142onkostwo.<\/p>\n<p>B\u0119d\u0105c cz\u0142onkiem EPS masz dost\u0119p do nast\u0119puj\u0105cych przywilej\u00f3w:<\/p>\n<ul>\n<li>zni\u017cki na konferencje wsp\u00f3\u0142organizowane przez EPS<\/li>\n<li>prawo do aplikowanie o Travel Granty na konferencje wsp\u00f3\u0142organizowane przez EPS<\/li>\n<li>prenumeraty Europhysics News<\/li>\n<li>i wiele innych<\/li>\n<\/ul>\n","protected":false},"excerpt":{"rendered":"<p>University of Warsaw Optics EPS Young Minds Section &nbsp; W maju 2017 do\u0142\u0105czyli\u015bmy do grona EPS Young Minds Sections, dzia\u0142aj\u0105cych pod parasolem European Physical Society (EPS). B\u0119d\u0105c oddzia\u0142em tej mi\u0119dzynarodowej sieci organizacji studenckich, uzyskali\u015bmy dost\u0119p do grant\u00f3w finansuj\u0105cych dzia\u0142alno\u015bci student\u00f3w oraz mo\u017cliwo\u015b\u0107 uczestniczenia w rokrocznie organizowanych warsztatach pozwalaj\u0105cych na podwy\u017cszenie &hellip;<\/p>\n","protected":false},"author":1,"featured_media":0,"parent":38,"menu_order":0,"comment_status":"closed","ping_status":"closed","template":"","meta":{"footnotes":""},"class_list":["post-45","page","type-page","status-publish","hentry"],"_links":{"self":[{"href":"https:\/\/knof.fuw.edu.pl\/index.php\/wp-json\/wp\/v2\/pages\/45","targetHints":{"allow":["GET"]}}],"collection":[{"href":"https:\/\/knof.fuw.edu.pl\/index.php\/wp-json\/wp\/v2\/pages"}],"about":[{"href":"https:\/\/knof.fuw.edu.pl\/index.php\/wp-json\/wp\/v2\/types\/page"}],"author":[{"embeddable":true,"href":"https:\/\/knof.fuw.edu.pl\/index.php\/wp-json\/wp\/v2\/users\/1"}],"replies":[{"embeddable":true,"href":"https:\/\/knof.fuw.edu.pl\/index.php\/wp-json\/wp\/v2\/comments?post=45"}],"version-history":[{"count":10,"href":"https:\/\/knof.fuw.edu.pl\/index.php\/wp-json\/wp\/v2\/pages\/45\/revisions"}],"predecessor-version":[{"id":1758,"href":"https:\/\/knof.fuw.edu.pl\/index.php\/wp-json\/wp\/v2\/pages\/45\/revisions\/1758"}],"up":[{"embeddable":true,"href":"https:\/\/knof.fuw.edu.pl\/index.php\/wp-json\/wp\/v2\/pages\/38"}],"wp:attachment":[{"href":"https:\/\/knof.fuw.edu.pl\/index.php\/wp-json\/wp\/v2\/media?parent=45"}],"curies":[{"name":"wp","href":"https:\/\/api.w.org\/{rel}","templated":true}]}}