{"id":43,"date":"2018-02-21T17:30:21","date_gmt":"2018-02-21T16:30:21","guid":{"rendered":"http:\/\/webek2.fuw.edu.pl\/knof\/?page_id=43"},"modified":"2022-11-05T18:52:05","modified_gmt":"2022-11-05T17:52:05","slug":"osa-student-chapter","status":"publish","type":"page","link":"https:\/\/knof.fuw.edu.pl\/index.php\/o-nas\/osa-student-chapter\/","title":{"rendered":"OPTICA Student Chapter"},"content":{"rendered":"<p><img loading=\"lazy\" decoding=\"async\" class=\"wp-image-931 aligncenter\" src=\"http:\/\/webek2.fuw.edu.pl\/knof\/wp-content\/uploads\/2018\/02\/OSA_primary-logo_300dpi-300x172.jpg\" alt=\"\" width=\"248\" height=\"142\" srcset=\"https:\/\/knof.fuw.edu.pl\/wp-content\/uploads\/2018\/02\/OSA_primary-logo_300dpi-300x172.jpg 300w, https:\/\/knof.fuw.edu.pl\/wp-content\/uploads\/2018\/02\/OSA_primary-logo_300dpi-768x441.jpg 768w, https:\/\/knof.fuw.edu.pl\/wp-content\/uploads\/2018\/02\/OSA_primary-logo_300dpi-348x200.jpg 348w, https:\/\/knof.fuw.edu.pl\/wp-content\/uploads\/2018\/02\/OSA_primary-logo_300dpi.jpg 890w\" sizes=\"auto, (max-width: 248px) 100vw, 248px\" \/><\/p>\n<h4 style=\"text-align: center;\">University of Warsaw OPTICA Student Chapter<\/h4>\n<p>OPTICA (<span style=\"text-decoration: underline;\">Dawniej <a href=\"http:\/\/osa.org\/\">OSA<\/a><\/span>) jest towarzystwem naukowym zajmuj\u0105cym si\u0119 badaniem optyki i fotoniki \u2013 zar\u00f3wno od strony bada\u0144 podstawowych jak aplikacyjnych. W ramach swojej dzia\u0142alno\u015bci OSA wspiera badania naukowe na ca\u0142ym \u015bwiecie poprzez organizacj\u0119 konferencji i wystaw, publikacj\u0119 wydawnictw naukowych, wsp\u00f3\u0142prac\u0119 z przemys\u0142em oraz edukacj\u0119 nowego pokolenia m\u0142odych naukowc\u00f3w.<\/p>\n<p>Jest najwi\u0119ksz\u0105 organizacj\u0105 optyczn\u0105 zrzeszaj\u0105c\u0105 ponad 100 kraj\u00f3w i rozpinaj\u0105c\u0105 wiele dyscyplin naukowych takich jak: fizyka, biologia, metrologia, medycyna , in\u017cynieria itp. Od pocz\u0105tku XX wieku do chwili obecnej sprzyja rozwojowi nauki i technologii zrzeszaj\u0105c ponad 16 tys. cz\u0142onk\u00f3w indywidulanych i wi\u0119cej ni\u017c 230 wsp\u00f3\u0142pracuj\u0105cych firm.<\/p>\n<p>Wsp\u00f3\u0142praca KNOF z OPTICA&#8217;\u0105 daje liczne korzy\u015bci:<\/p>\n<ul>\n<li>\u0142atwiejsze wyjazdy na konferencje<\/li>\n<li>finasowanie projektow Ko\u0142a<\/li>\n<li>zapraszanie do Warszawy zagranicznych naukowc\u00f3w<\/li>\n<li>otwarty dost\u0119p do wybranych czasopism naukowych<\/li>\n<li>\u0142atwe zaopatrzenie w materia\u0142y do pokaz\u00f3w popularyzacyjnych<\/li>\n<\/ul>\n<p>Uczestnicz\u0105c w KNOF nie musisz by\u0107 cz\u0142onkiem OPTICA&#8217;i, chocia\u017c naprawd\u0119 warto! Aby zosta\u0107 cz\u0142onkiem OPTICA&#8217;i nale\u017cy zarejestrowa\u0107 si\u0119 na <a href=\"http:\/\/www.osa.org\/membership\/join_renew\/default.aspx\">tej<\/a> stronie i wnie\u015b\u0107 op\u0142at\u0119 w wysoko\u015bci 20 USD\/rok. Warto na ten temat porozmawia\u0107 ze swoim opiekunem naukowym \u2013 by\u0107 mo\u017ce zgodzi si\u0119 sfinansowa\u0107 Twoje cz\u0142onkostwo.<\/p>\n<p>B\u0119d\u0105c Studenckim Cz\u0142onkiem OPTICA&#8217;i zyskujesz dost\u0119p do nast\u0119puj\u0105cych korzy\u015bci:<\/p>\n<ul>\n<li>zni\u017cki na konferencje wsp\u00f3\u0142organizowane przez OPTICA&#8217;\u0119<\/li>\n<li>prenumerat\u0119 wybranych czasopism z bazy OPTICA&#8217;i<\/li>\n<li>bezp\u0142atny (ale limitowany) dost\u0119p do publikacji naukowych z baz danych OPTICA&#8217;i<\/li>\n<\/ul>\n","protected":false},"excerpt":{"rendered":"<p>University of Warsaw OPTICA Student Chapter OPTICA (Dawniej OSA) jest towarzystwem naukowym zajmuj\u0105cym si\u0119 badaniem optyki i fotoniki \u2013 zar\u00f3wno od strony bada\u0144 podstawowych jak aplikacyjnych. W ramach swojej dzia\u0142alno\u015bci OSA wspiera badania naukowe na ca\u0142ym \u015bwiecie poprzez organizacj\u0119 konferencji i wystaw, publikacj\u0119 wydawnictw naukowych, wsp\u00f3\u0142prac\u0119 z przemys\u0142em oraz edukacj\u0119 &hellip;<\/p>\n","protected":false},"author":1,"featured_media":0,"parent":38,"menu_order":0,"comment_status":"closed","ping_status":"closed","template":"","meta":{"footnotes":""},"class_list":["post-43","page","type-page","status-publish","hentry"],"_links":{"self":[{"href":"https:\/\/knof.fuw.edu.pl\/index.php\/wp-json\/wp\/v2\/pages\/43","targetHints":{"allow":["GET"]}}],"collection":[{"href":"https:\/\/knof.fuw.edu.pl\/index.php\/wp-json\/wp\/v2\/pages"}],"about":[{"href":"https:\/\/knof.fuw.edu.pl\/index.php\/wp-json\/wp\/v2\/types\/page"}],"author":[{"embeddable":true,"href":"https:\/\/knof.fuw.edu.pl\/index.php\/wp-json\/wp\/v2\/users\/1"}],"replies":[{"embeddable":true,"href":"https:\/\/knof.fuw.edu.pl\/index.php\/wp-json\/wp\/v2\/comments?post=43"}],"version-history":[{"count":8,"href":"https:\/\/knof.fuw.edu.pl\/index.php\/wp-json\/wp\/v2\/pages\/43\/revisions"}],"predecessor-version":[{"id":2128,"href":"https:\/\/knof.fuw.edu.pl\/index.php\/wp-json\/wp\/v2\/pages\/43\/revisions\/2128"}],"up":[{"embeddable":true,"href":"https:\/\/knof.fuw.edu.pl\/index.php\/wp-json\/wp\/v2\/pages\/38"}],"wp:attachment":[{"href":"https:\/\/knof.fuw.edu.pl\/index.php\/wp-json\/wp\/v2\/media?parent=43"}],"curies":[{"name":"wp","href":"https:\/\/api.w.org\/{rel}","templated":true}]}}