{"id":41,"date":"2018-02-21T17:29:20","date_gmt":"2018-02-21T16:29:20","guid":{"rendered":"http:\/\/webek2.fuw.edu.pl\/knof\/?page_id=41"},"modified":"2020-04-23T17:42:53","modified_gmt":"2020-04-23T15:42:53","slug":"spie-student-chapter","status":"publish","type":"page","link":"https:\/\/knof.fuw.edu.pl\/index.php\/o-nas\/spie-student-chapter\/","title":{"rendered":"SPIE Student Chapter"},"content":{"rendered":"<p><img loading=\"lazy\" decoding=\"async\" class=\"wp-image-1151 size-full aligncenter\" src=\"https:\/\/knof.fuw.edu.pl\/wp-content\/uploads\/2018\/03\/UWarsaw_Logo.jpg\" alt=\"\" width=\"500\" height=\"139\" srcset=\"https:\/\/knof.fuw.edu.pl\/wp-content\/uploads\/2018\/03\/UWarsaw_Logo.jpg 500w, https:\/\/knof.fuw.edu.pl\/wp-content\/uploads\/2018\/03\/UWarsaw_Logo-300x83.jpg 300w\" sizes=\"auto, (max-width: 500px) 100vw, 500px\" \/><\/p>\n<h4 style=\"text-align: center;\">University of Warsaw SPIE Student Chapter<\/h4>\n<p><span style=\"font-weight: 400;\"><a href=\"https:\/\/spie.org\/\"><span style=\"text-decoration: underline;\">SPIE &#8211; The International Society for Optics and Photonics<\/span><\/a> jest organizacj\u0105 naukowo-techniczn\u0105 skupion\u0105 wok\u00f3\u0142 rozwoju optyki, optoelektroniki i fotoniki oraz zwi\u0119kszenia oddzia\u0142ywania tych dziedzin na spo\u0142ecze\u0144stwo.<\/span><\/p>\n<p><span style=\"font-weight: 400;\">SPIE realizuje te cele poprzez organizacj\u0119 konferencji naukowych, targ\u00f3w i program\u00f3w edukacyjnych oraz wydawanie czasopism zwi\u0105zanych z zastosowaniem fotoniki m.in. w biologii, medycynie, energetyce, litografii czy astronomii. SPIE utrzymuje r\u00f3wnie\u017c wiele portali dla profesjonalist\u00f3w z dziedziny.<\/span><\/p>\n<p><span style=\"font-weight: 400;\">SPIE posiada ponad 18 tysi\u0119cy cz\u0142onk\u00f3w z ok. 166 kraj\u00f3w, a jej biblioteka liczy przesz\u0142o 460 tysi\u0119cy artyku\u0142\u00f3w naukowych, kt\u00f3ra to liczba zwi\u0119ksza si\u0119 o ok. 18 tysi\u0119cy rocznie.<\/span><\/p>\n<p><span style=\"font-weight: 400;\">Organizacja przyznaje wiele nagr\u00f3d wyr\u00f3\u017cniaj\u0105cych badania naukowe, osi\u0105gni\u0119cia techniczne, osi\u0105gni\u0119cia w dziedzinie edukacji na rzeczy optyki i fotoniki, czy prac\u0119 na rzecz spo\u0142eczno\u015bci cz\u0142onk\u00f3w, a tak\u017ce kilkadziesi\u0105t stypendi\u00f3w dla uczni\u00f3w i student\u00f3w zainteresowanych optyk\u0105.<\/span><\/p>\n<p><span style=\"font-weight: 400;\">Wsp\u00f3\u0142praca KNOF ze SPIE daje liczne korzy\u015bci:<\/span><\/p>\n<ul>\n<li style=\"font-weight: 400;\"><span style=\"font-weight: 400;\">\u0142atwiejsze wyjazdy na konferencje<\/span><\/li>\n<li style=\"font-weight: 400;\"><span style=\"font-weight: 400;\">finansowanie projekt\u00f3w Ko\u0142a<\/span><\/li>\n<li style=\"font-weight: 400;\"><span style=\"font-weight: 400;\">zapraszanie do Warszawy zagranicznych naukowc\u00f3w<\/span><\/li>\n<li style=\"font-weight: 400;\"><span style=\"font-weight: 400;\">dost\u0119p do wybranych czasopism naukowych<\/span><\/li>\n<li style=\"font-weight: 400;\"><span style=\"font-weight: 400;\">zaopatrzenie w materia\u0142y do pokaz\u00f3w popularyzuj\u0105cych nauk\u0119<\/span><\/li>\n<\/ul>\n<p><span style=\"font-weight: 400;\">Uczestnicz\u0105c w KNOF nie musisz by\u0107 cz\u0142onkiem SPIE, chocia\u017c naprawd\u0119 warto! Aby zosta\u0107 cz\u0142onkiem SPIE nale\u017cy zarejestrowa\u0107 si\u0119 na tej stronie i wnie\u015b\u0107 op\u0142at\u0119 w wysoko\u015bci 20 USD\/rok. Warto na ten temat porozmawia\u0107 ze swoim opiekunem naukowym \u2013 by\u0107 mo\u017ce zgodzi si\u0119 sfinansowa\u0107 Twoje cz\u0142onkostwo.<\/span><\/p>\n<p><span style=\"font-weight: 400;\">B\u0119d\u0105c Studenckim Cz\u0142onkiem SPIE uzyskujesz nast\u0119puj\u0105ce korzy\u015bci:<\/span><\/p>\n<ul>\n<li style=\"font-weight: 400;\"><span style=\"font-weight: 400;\">zni\u017cki na konferencje wsp\u00f3\u0142organizowane przez SPIE<\/span><\/li>\n<li style=\"font-weight: 400;\"><span style=\"font-weight: 400;\">mo\u017cliwo\u015b\u0107 uzyskania grantu na dojazd na wydarzenia organizowane przez SPIE<\/span><\/li>\n<li style=\"font-weight: 400;\"><span style=\"font-weight: 400;\">pul\u0119 darmowych pobra\u0144 publikacji naukowych z bazy SPIE<\/span><\/li>\n<li style=\"font-weight: 400;\"><span style=\"font-weight: 400;\">subskrypcj\u0119 wybranego czasopisma naukowego z wydawnictwa SPIE<\/span><\/li>\n<li style=\"font-weight: 400;\"><span style=\"font-weight: 400;\">dost\u0119p do kurs\u00f3w online wspieraj\u0105cych rozw\u00f3j zawodowy<\/span><\/li>\n<li style=\"font-weight: 400;\"><span style=\"font-weight: 400;\">mo\u017cliwo\u015b\u0107 aplikowania o stypendia<\/span><\/li>\n<\/ul>\n<p>W 2017 roku cz\u0142onkowie KNOF zdobyli 4 stypendia spo\u015br\u00f3d 6 przyznanych w Polce (88 na \u015awiecie).<\/p>\n","protected":false},"excerpt":{"rendered":"<p>University of Warsaw SPIE Student Chapter SPIE &#8211; The International Society for Optics and Photonics jest organizacj\u0105 naukowo-techniczn\u0105 skupion\u0105 wok\u00f3\u0142 rozwoju optyki, optoelektroniki i fotoniki oraz zwi\u0119kszenia oddzia\u0142ywania tych dziedzin na spo\u0142ecze\u0144stwo. SPIE realizuje te cele poprzez organizacj\u0119 konferencji naukowych, targ\u00f3w i program\u00f3w edukacyjnych oraz wydawanie czasopism zwi\u0105zanych z zastosowaniem &hellip;<\/p>\n","protected":false},"author":1,"featured_media":0,"parent":38,"menu_order":0,"comment_status":"closed","ping_status":"closed","template":"","meta":{"footnotes":""},"class_list":["post-41","page","type-page","status-publish","hentry"],"_links":{"self":[{"href":"https:\/\/knof.fuw.edu.pl\/index.php\/wp-json\/wp\/v2\/pages\/41","targetHints":{"allow":["GET"]}}],"collection":[{"href":"https:\/\/knof.fuw.edu.pl\/index.php\/wp-json\/wp\/v2\/pages"}],"about":[{"href":"https:\/\/knof.fuw.edu.pl\/index.php\/wp-json\/wp\/v2\/types\/page"}],"author":[{"embeddable":true,"href":"https:\/\/knof.fuw.edu.pl\/index.php\/wp-json\/wp\/v2\/users\/1"}],"replies":[{"embeddable":true,"href":"https:\/\/knof.fuw.edu.pl\/index.php\/wp-json\/wp\/v2\/comments?post=41"}],"version-history":[{"count":8,"href":"https:\/\/knof.fuw.edu.pl\/index.php\/wp-json\/wp\/v2\/pages\/41\/revisions"}],"predecessor-version":[{"id":1750,"href":"https:\/\/knof.fuw.edu.pl\/index.php\/wp-json\/wp\/v2\/pages\/41\/revisions\/1750"}],"up":[{"embeddable":true,"href":"https:\/\/knof.fuw.edu.pl\/index.php\/wp-json\/wp\/v2\/pages\/38"}],"wp:attachment":[{"href":"https:\/\/knof.fuw.edu.pl\/index.php\/wp-json\/wp\/v2\/media?parent=41"}],"curies":[{"name":"wp","href":"https:\/\/api.w.org\/{rel}","templated":true}]}}