{"id":38,"date":"2018-02-21T17:28:37","date_gmt":"2018-02-21T16:28:37","guid":{"rendered":"http:\/\/webek2.fuw.edu.pl\/knof\/?page_id=38"},"modified":"2024-03-23T18:23:10","modified_gmt":"2024-03-23T17:23:10","slug":"o-nas","status":"publish","type":"page","link":"https:\/\/knof.fuw.edu.pl\/index.php\/o-nas\/","title":{"rendered":"O nas"},"content":{"rendered":"\n<p>Strona internetowa, na kt\u00f3r\u0105 trafi\u0142e\u015b przedstawia projekty kilku niezale\u017cnych organizacji dzia\u0142aj\u0105cych na Wydziale Fizyki Uniwersytetu Warszawskiego. Aby pozna\u0107 wi\u0119cej szczeg\u00f3\u0142\u00f3w dotycz\u0105cych ich dzia\u0142alno\u015bci, wejd\u017a w jedn\u0105 z poni\u017cszych stron.<\/p>\n\n\n\n<ul class=\"wp-block-list\">\n<li><a href=\"https:\/\/knof.fuw.edu.pl\/index.php\/o-nas\/knof-uw\/\">Ko\u0142o Naukowe Optyki i Fotoniki<\/a><\/li>\n\n\n\n<li><a href=\"https:\/\/knof.fuw.edu.pl\/index.php\/o-nas\/osa-student-chapter\/\">University of Warsaw OSA Student Chapter<\/a><\/li>\n\n\n\n<li><a href=\"https:\/\/knof.fuw.edu.pl\/index.php\/o-nas\/spie-student-chapter\/\">University of Warsaw SPIE Student Chapter<\/a><\/li>\n\n\n\n<li><a href=\"https:\/\/knof.fuw.edu.pl\/index.php\/o-nas\/eps-ym-section\/\">University of Warsaw Optics EPS Young Minds Section<\/a><\/li>\n\n\n\n<li><a href=\"https:\/\/knof.fuw.edu.pl\/index.php\/o-nas\/ieee-photonics-student-branch\/\">University of Warsaw IEEE Photonics Student Branch Chapter<\/a><\/li>\n<\/ul>\n","protected":false},"excerpt":{"rendered":"<p>Strona internetowa, na kt\u00f3r\u0105 trafi\u0142e\u015b przedstawia projekty kilku niezale\u017cnych organizacji dzia\u0142aj\u0105cych na Wydziale Fizyki Uniwersytetu Warszawskiego. Aby pozna\u0107 wi\u0119cej szczeg\u00f3\u0142\u00f3w dotycz\u0105cych ich dzia\u0142alno\u015bci, wejd\u017a w jedn\u0105 z poni\u017cszych stron.<\/p>\n","protected":false},"author":1,"featured_media":33,"parent":0,"menu_order":0,"comment_status":"closed","ping_status":"closed","template":"","meta":{"footnotes":""},"class_list":["post-38","page","type-page","status-publish","has-post-thumbnail","hentry"],"_links":{"self":[{"href":"https:\/\/knof.fuw.edu.pl\/index.php\/wp-json\/wp\/v2\/pages\/38","targetHints":{"allow":["GET"]}}],"collection":[{"href":"https:\/\/knof.fuw.edu.pl\/index.php\/wp-json\/wp\/v2\/pages"}],"about":[{"href":"https:\/\/knof.fuw.edu.pl\/index.php\/wp-json\/wp\/v2\/types\/page"}],"author":[{"embeddable":true,"href":"https:\/\/knof.fuw.edu.pl\/index.php\/wp-json\/wp\/v2\/users\/1"}],"replies":[{"embeddable":true,"href":"https:\/\/knof.fuw.edu.pl\/index.php\/wp-json\/wp\/v2\/comments?post=38"}],"version-history":[{"count":5,"href":"https:\/\/knof.fuw.edu.pl\/index.php\/wp-json\/wp\/v2\/pages\/38\/revisions"}],"predecessor-version":[{"id":2218,"href":"https:\/\/knof.fuw.edu.pl\/index.php\/wp-json\/wp\/v2\/pages\/38\/revisions\/2218"}],"wp:featuredmedia":[{"embeddable":true,"href":"https:\/\/knof.fuw.edu.pl\/index.php\/wp-json\/wp\/v2\/media\/33"}],"wp:attachment":[{"href":"https:\/\/knof.fuw.edu.pl\/index.php\/wp-json\/wp\/v2\/media?parent=38"}],"curies":[{"name":"wp","href":"https:\/\/api.w.org\/{rel}","templated":true}]}}