{"id":2338,"date":"2025-03-16T19:32:54","date_gmt":"2025-03-16T18:32:54","guid":{"rendered":"https:\/\/knof.fuw.edu.pl\/?page_id=2338"},"modified":"2025-03-16T19:55:10","modified_gmt":"2025-03-16T18:55:10","slug":"dolacz-do-ieee","status":"publish","type":"page","link":"https:\/\/knof.fuw.edu.pl\/index.php\/czlonkostwo\/dolacz-do-ieee\/","title":{"rendered":"Do\u0142\u0105cz do IEEE"},"content":{"rendered":"\n<ol class=\"wp-block-list\">\n<li>Wejd\u017a na stron\u0119: <a href=\"https:\/\/www.ieee.org\/membership\/index.html\" target=\"_blank\" rel=\"noreferrer noopener\">https:\/\/www.ieee.org\/membership\/index.html\u00a0<\/a><\/li>\n\n\n\n<li>Kliknij na przycisk &#8220;Join (or renew)&#8221;<\/li>\n\n\n\n<li>Wprowad\u017a wymagane dane<\/li>\n\n\n\n<li>Dodaj do swojego koszyka: IEEE Young Professionals ($0.00), IEEE Membership (Student) ($27.00), IEEE Photonics Society Membership ($10.00)<\/li>\n\n\n\n<li>Kontynuuj i dodaj kod zni\u017ckowki: FUTURE50<\/li>\n\n\n\n<li>Ca\u0142kowita kwota powinna wynosi\u0107 23.50 $<\/li>\n\n\n\n<li>Kontynuuj zam\u00f3wienie<\/li>\n\n\n\n<li>Wype\u0142nij formularz zwrotu \u015brodk\u00f3w przez <a href=\"https:\/\/knof.fuw.edu.pl\/index.php\/dla-czlonkow\/zwroty-kosztow\/\" data-type=\"page\" data-id=\"2238\">Zwroty koszt\u00f3w<\/a><\/li>\n<\/ol>\n\n\n\n<p><\/p>\n","protected":false},"excerpt":{"rendered":"","protected":false},"author":20,"featured_media":0,"parent":2326,"menu_order":0,"comment_status":"closed","ping_status":"closed","template":"","meta":{"footnotes":""},"class_list":["post-2338","page","type-page","status-publish","hentry"],"_links":{"self":[{"href":"https:\/\/knof.fuw.edu.pl\/index.php\/wp-json\/wp\/v2\/pages\/2338","targetHints":{"allow":["GET"]}}],"collection":[{"href":"https:\/\/knof.fuw.edu.pl\/index.php\/wp-json\/wp\/v2\/pages"}],"about":[{"href":"https:\/\/knof.fuw.edu.pl\/index.php\/wp-json\/wp\/v2\/types\/page"}],"author":[{"embeddable":true,"href":"https:\/\/knof.fuw.edu.pl\/index.php\/wp-json\/wp\/v2\/users\/20"}],"replies":[{"embeddable":true,"href":"https:\/\/knof.fuw.edu.pl\/index.php\/wp-json\/wp\/v2\/comments?post=2338"}],"version-history":[{"count":3,"href":"https:\/\/knof.fuw.edu.pl\/index.php\/wp-json\/wp\/v2\/pages\/2338\/revisions"}],"predecessor-version":[{"id":2373,"href":"https:\/\/knof.fuw.edu.pl\/index.php\/wp-json\/wp\/v2\/pages\/2338\/revisions\/2373"}],"up":[{"embeddable":true,"href":"https:\/\/knof.fuw.edu.pl\/index.php\/wp-json\/wp\/v2\/pages\/2326"}],"wp:attachment":[{"href":"https:\/\/knof.fuw.edu.pl\/index.php\/wp-json\/wp\/v2\/media?parent=2338"}],"curies":[{"name":"wp","href":"https:\/\/api.w.org\/{rel}","templated":true}]}}