{"id":2336,"date":"2025-03-16T19:32:17","date_gmt":"2025-03-16T18:32:17","guid":{"rendered":"https:\/\/knof.fuw.edu.pl\/?page_id=2336"},"modified":"2025-03-16T19:57:57","modified_gmt":"2025-03-16T18:57:57","slug":"dolacz-do-spie","status":"publish","type":"page","link":"https:\/\/knof.fuw.edu.pl\/index.php\/czlonkostwo\/dolacz-do-spie\/","title":{"rendered":"Do\u0142\u0105cz do SPIE"},"content":{"rendered":"\n<ol class=\"wp-block-list\">\n<li>Wejd\u017a na stron\u0119: <a href=\"https:\/\/spie.org\/membership?SSO=1\" target=\"_blank\" rel=\"noreferrer noopener\">https:\/\/spie.org\/membership?SSO=1<\/a><\/li>\n\n\n\n<li>Kliknij przycisk &#8220;Join or renew&#8221;<\/li>\n\n\n\n<li>Zaloguj si\u0119 lub utw\u00f3rz konto<\/li>\n\n\n\n<li>Wybierz typ cz\u0142onkostwa Student (20$)<\/li>\n\n\n\n<li><strong>Dodaj afiliacj\u0119: Poland, Univ. of Warsaw Chapter<\/strong><\/li>\n\n\n\n<li>Kontynuuj wype\u0142nianie formularza<\/li>\n\n\n\n<li>Wype\u0142nij formularz zwrotu \u015brodk\u00f3w przez <a href=\"https:\/\/knof.fuw.edu.pl\/index.php\/dla-czlonkow\/zwroty-kosztow\/\" data-type=\"page\" data-id=\"2238\">Zwroty koszt\u00f3w<\/a><\/li>\n<\/ol>\n\n\n\n<p><\/p>\n\n\n\n<p><\/p>\n","protected":false},"excerpt":{"rendered":"","protected":false},"author":20,"featured_media":0,"parent":2326,"menu_order":0,"comment_status":"closed","ping_status":"closed","template":"","meta":{"footnotes":""},"class_list":["post-2336","page","type-page","status-publish","hentry"],"_links":{"self":[{"href":"https:\/\/knof.fuw.edu.pl\/index.php\/wp-json\/wp\/v2\/pages\/2336","targetHints":{"allow":["GET"]}}],"collection":[{"href":"https:\/\/knof.fuw.edu.pl\/index.php\/wp-json\/wp\/v2\/pages"}],"about":[{"href":"https:\/\/knof.fuw.edu.pl\/index.php\/wp-json\/wp\/v2\/types\/page"}],"author":[{"embeddable":true,"href":"https:\/\/knof.fuw.edu.pl\/index.php\/wp-json\/wp\/v2\/users\/20"}],"replies":[{"embeddable":true,"href":"https:\/\/knof.fuw.edu.pl\/index.php\/wp-json\/wp\/v2\/comments?post=2336"}],"version-history":[{"count":5,"href":"https:\/\/knof.fuw.edu.pl\/index.php\/wp-json\/wp\/v2\/pages\/2336\/revisions"}],"predecessor-version":[{"id":2377,"href":"https:\/\/knof.fuw.edu.pl\/index.php\/wp-json\/wp\/v2\/pages\/2336\/revisions\/2377"}],"up":[{"embeddable":true,"href":"https:\/\/knof.fuw.edu.pl\/index.php\/wp-json\/wp\/v2\/pages\/2326"}],"wp:attachment":[{"href":"https:\/\/knof.fuw.edu.pl\/index.php\/wp-json\/wp\/v2\/media?parent=2336"}],"curies":[{"name":"wp","href":"https:\/\/api.w.org\/{rel}","templated":true}]}}