{"id":2334,"date":"2025-03-16T19:33:02","date_gmt":"2025-03-16T18:33:02","guid":{"rendered":"https:\/\/knof.fuw.edu.pl\/?page_id=2334"},"modified":"2025-05-07T20:20:36","modified_gmt":"2025-05-07T18:20:36","slug":"dolacz-do-optica","status":"publish","type":"page","link":"https:\/\/knof.fuw.edu.pl\/index.php\/czlonkostwo\/dolacz-do-optica\/","title":{"rendered":"Do\u0142\u0105cz do OPTICA"},"content":{"rendered":"\n<ol class=\"wp-block-list\">\n<li>Wejd\u017a na stron\u0119:&nbsp;<a href=\"https:\/\/account.optica.org\/eWeb\/DynamicPage.aspx?WebCode=LoginRequired&amp;expires=yes&amp;Site=OSAC\" target=\"_blank\" rel=\"noreferrer noopener\">https:\/\/account.optica.org\/eWeb\/DynamicPage.aspx?WebCode=LoginRequired&amp;expires=yes&amp;Site=OSAC<\/a><\/li>\n\n\n\n<li>Zaloguj si\u0119 lub utw\u00f3rz konto<\/li>\n\n\n\n<li>Wype\u0142nij swoje dane osobowe<\/li>\n\n\n\n<li>Wybierz typ cz\u0142onkostwa: &#8220;Student 1 Year&#8221;<\/li>\n\n\n\n<li>Do\u0142\u0105cz do ko\u0142a KNOF<\/li>\n\n\n\n<li>Kontynuuj p\u0142atno\u015b\u0107, u\u017cyj kodu zni\u017ckowego CLEO-JOIN50 (lub CLEO-RENEW50), koszt cz\u0142onkowstwa powinien wynosi\u0107 20$ (lub 10$ w przypadku gdy zadzia\u0142a kod)<\/li>\n\n\n\n<li>Wype\u0142nij formularz zwrotu \u015brodk\u00f3w przez <a href=\"https:\/\/knof.fuw.edu.pl\/index.php\/dla-czlonkow\/zwroty-kosztow\/\" data-type=\"page\" data-id=\"2238\">Zwroty koszt\u00f3w<\/a><\/li>\n<\/ol>\n\n\n\n<p><\/p>\n","protected":false},"excerpt":{"rendered":"","protected":false},"author":20,"featured_media":0,"parent":2326,"menu_order":0,"comment_status":"closed","ping_status":"closed","template":"","meta":{"footnotes":""},"class_list":["post-2334","page","type-page","status-publish","hentry"],"_links":{"self":[{"href":"https:\/\/knof.fuw.edu.pl\/index.php\/wp-json\/wp\/v2\/pages\/2334","targetHints":{"allow":["GET"]}}],"collection":[{"href":"https:\/\/knof.fuw.edu.pl\/index.php\/wp-json\/wp\/v2\/pages"}],"about":[{"href":"https:\/\/knof.fuw.edu.pl\/index.php\/wp-json\/wp\/v2\/types\/page"}],"author":[{"embeddable":true,"href":"https:\/\/knof.fuw.edu.pl\/index.php\/wp-json\/wp\/v2\/users\/20"}],"replies":[{"embeddable":true,"href":"https:\/\/knof.fuw.edu.pl\/index.php\/wp-json\/wp\/v2\/comments?post=2334"}],"version-history":[{"count":4,"href":"https:\/\/knof.fuw.edu.pl\/index.php\/wp-json\/wp\/v2\/pages\/2334\/revisions"}],"predecessor-version":[{"id":2390,"href":"https:\/\/knof.fuw.edu.pl\/index.php\/wp-json\/wp\/v2\/pages\/2334\/revisions\/2390"}],"up":[{"embeddable":true,"href":"https:\/\/knof.fuw.edu.pl\/index.php\/wp-json\/wp\/v2\/pages\/2326"}],"wp:attachment":[{"href":"https:\/\/knof.fuw.edu.pl\/index.php\/wp-json\/wp\/v2\/media?parent=2334"}],"curies":[{"name":"wp","href":"https:\/\/api.w.org\/{rel}","templated":true}]}}