{"id":2238,"date":"2024-03-23T18:42:12","date_gmt":"2024-03-23T17:42:12","guid":{"rendered":"https:\/\/knof.fuw.edu.pl\/?page_id=2238"},"modified":"2025-02-03T12:42:04","modified_gmt":"2025-02-03T11:42:04","slug":"zwroty-kosztow","status":"publish","type":"page","link":"https:\/\/knof.fuw.edu.pl\/index.php\/dla-czlonkow\/zwroty-kosztow\/","title":{"rendered":"Zwroty koszt\u00f3w"},"content":{"rendered":"\n<p>W celu uzyskania zwrotu poniesionych w imieniu KNOFu koszt\u00f3w, prosimy o skorzystanie z poni\u017cszego formularza i za\u0142\u0105czenie wszystkich zwi\u0105zanych dokument\u00f3w.<\/p>\n\n\n\n<h6 class=\"wp-block-heading has-text-align-center\"><a href=\"https:\/\/forms.gle\/Mv1NeFRLMoxrxxdP9\" target=\"_blank\" rel=\"noreferrer noopener\">Link do formularza<\/a><\/h6>\n\n\n<div class=\"wp-block-image\">\n<figure class=\"aligncenter size-full\"><img loading=\"lazy\" decoding=\"async\" width=\"374\" height=\"374\" src=\"https:\/\/knof.fuw.edu.pl\/wp-content\/uploads\/2018\/03\/integration_logo.png\" alt=\"\" class=\"wp-image-1147\" srcset=\"https:\/\/knof.fuw.edu.pl\/wp-content\/uploads\/2018\/03\/integration_logo.png 374w, https:\/\/knof.fuw.edu.pl\/wp-content\/uploads\/2018\/03\/integration_logo-150x150.png 150w, https:\/\/knof.fuw.edu.pl\/wp-content\/uploads\/2018\/03\/integration_logo-300x300.png 300w, https:\/\/knof.fuw.edu.pl\/wp-content\/uploads\/2018\/03\/integration_logo-200x200.png 200w\" sizes=\"auto, (max-width: 374px) 100vw, 374px\" \/><\/figure>\n<\/div>","protected":false},"excerpt":{"rendered":"<p>W celu uzyskania zwrotu poniesionych w imieniu KNOFu koszt\u00f3w, prosimy o skorzystanie z poni\u017cszego formularza i za\u0142\u0105czenie wszystkich zwi\u0105zanych dokument\u00f3w. Link do formularza<\/p>\n","protected":false},"author":19,"featured_media":0,"parent":48,"menu_order":0,"comment_status":"closed","ping_status":"closed","template":"","meta":{"footnotes":""},"class_list":["post-2238","page","type-page","status-publish","hentry"],"_links":{"self":[{"href":"https:\/\/knof.fuw.edu.pl\/index.php\/wp-json\/wp\/v2\/pages\/2238","targetHints":{"allow":["GET"]}}],"collection":[{"href":"https:\/\/knof.fuw.edu.pl\/index.php\/wp-json\/wp\/v2\/pages"}],"about":[{"href":"https:\/\/knof.fuw.edu.pl\/index.php\/wp-json\/wp\/v2\/types\/page"}],"author":[{"embeddable":true,"href":"https:\/\/knof.fuw.edu.pl\/index.php\/wp-json\/wp\/v2\/users\/19"}],"replies":[{"embeddable":true,"href":"https:\/\/knof.fuw.edu.pl\/index.php\/wp-json\/wp\/v2\/comments?post=2238"}],"version-history":[{"count":3,"href":"https:\/\/knof.fuw.edu.pl\/index.php\/wp-json\/wp\/v2\/pages\/2238\/revisions"}],"predecessor-version":[{"id":2295,"href":"https:\/\/knof.fuw.edu.pl\/index.php\/wp-json\/wp\/v2\/pages\/2238\/revisions\/2295"}],"up":[{"embeddable":true,"href":"https:\/\/knof.fuw.edu.pl\/index.php\/wp-json\/wp\/v2\/pages\/48"}],"wp:attachment":[{"href":"https:\/\/knof.fuw.edu.pl\/index.php\/wp-json\/wp\/v2\/media?parent=2238"}],"curies":[{"name":"wp","href":"https:\/\/api.w.org\/{rel}","templated":true}]}}