{"id":1841,"date":"2020-04-24T13:03:12","date_gmt":"2020-04-24T11:03:12","guid":{"rendered":"http:\/\/knof.fuw.edu.pl\/?page_id=1841"},"modified":"2021-11-20T14:45:11","modified_gmt":"2021-11-20T13:45:11","slug":"links","status":"publish","type":"page","link":"https:\/\/knof.fuw.edu.pl\/index.php\/en\/links\/","title":{"rendered":"Links"},"content":{"rendered":"<h3>University of Warsaw<\/h3>\n<h5><a href=\"http:\/\/optyka.uw.edu.pl\">Optics and Photonics at UW<\/a><\/h5>\n<p>&#8211; you can find most optics- and photonics-associated research groups at UW<\/p>\n<h6>Experimental research:<\/h6>\n<p><a href=\"http:\/\/www.optics.fuw.edu.pl\">Optics Division, Faculty of Physics<\/a><\/p>\n<h6>Theoretical research:<\/h6>\n<p><a href=\"http:\/\/www.fuw.edu.pl\/~matri\/\">Nieliniowa Optyka Atom\u00f3w i Foton\u00f3w, Wydzia\u0142 Fizyki<\/a><br \/>\n<a href=\"http:\/\/www.fuw.edu.pl\/~dragan\/\">Relatywistyczna Informacja Kwantowa, Wydzia\u0142 Fizyki<\/a><\/p>\n<h3>National Laboratory for Photonics and Quantum Technologies<\/h3>\n<p><a href=\"http:\/\/nlpqt.fuw.edu.pl\/\">NLPQT consortium<\/a><\/p>\n<h3>NGOs<\/h3>\n<p><a href=\"https:\/\/candela.org.pl\">Candela Foundation<\/a><\/p>\n<h3>Polish Academy of Sciences<\/h3>\n<p><a href=\"http:\/\/www.ichf.edu.pl\/res\/CL\/index.html\">Laser Centre, Institute for Physical Chemistry<\/a><br \/>\n<a href=\"http:\/\/pob-lab.com\">Physical Optics and Biophotonics, Institute for Physical Chemistry<\/a><br \/>\n<a href=\"http:\/\/icter.pl\">International Centre for Translational Eye Research<\/a><\/p>\n<h3>UW-associated companies<\/h3>\n<p><a href=\"http:\/\/fluence.pl\">Fluence, Warsaw<\/a><\/p>\n<h3>University of Gda\u0144sk<\/h3>\n<p><a href=\"http:\/\/kcik.ug.edu.pl\">Quantum Information Center<\/a><\/p>\n<p>&nbsp;<\/p>\n","protected":false},"excerpt":{"rendered":"<p>University of Warsaw Optics and Photonics at UW &#8211; you can find most optics- and photonics-associated research groups at UW Experimental research: Optics Division, Faculty of Physics Theoretical research: Nieliniowa Optyka Atom\u00f3w i Foton\u00f3w, Wydzia\u0142 Fizyki Relatywistyczna Informacja Kwantowa, Wydzia\u0142 Fizyki National Laboratory for Photonics and Quantum Technologies NLPQT consortium &hellip;<\/p>\n","protected":false},"author":1,"featured_media":1107,"parent":0,"menu_order":0,"comment_status":"closed","ping_status":"closed","template":"","meta":{"footnotes":""},"class_list":["post-1841","page","type-page","status-publish","has-post-thumbnail","hentry"],"_links":{"self":[{"href":"https:\/\/knof.fuw.edu.pl\/index.php\/wp-json\/wp\/v2\/pages\/1841","targetHints":{"allow":["GET"]}}],"collection":[{"href":"https:\/\/knof.fuw.edu.pl\/index.php\/wp-json\/wp\/v2\/pages"}],"about":[{"href":"https:\/\/knof.fuw.edu.pl\/index.php\/wp-json\/wp\/v2\/types\/page"}],"author":[{"embeddable":true,"href":"https:\/\/knof.fuw.edu.pl\/index.php\/wp-json\/wp\/v2\/users\/1"}],"replies":[{"embeddable":true,"href":"https:\/\/knof.fuw.edu.pl\/index.php\/wp-json\/wp\/v2\/comments?post=1841"}],"version-history":[{"count":3,"href":"https:\/\/knof.fuw.edu.pl\/index.php\/wp-json\/wp\/v2\/pages\/1841\/revisions"}],"predecessor-version":[{"id":2077,"href":"https:\/\/knof.fuw.edu.pl\/index.php\/wp-json\/wp\/v2\/pages\/1841\/revisions\/2077"}],"wp:featuredmedia":[{"embeddable":true,"href":"https:\/\/knof.fuw.edu.pl\/index.php\/wp-json\/wp\/v2\/media\/1107"}],"wp:attachment":[{"href":"https:\/\/knof.fuw.edu.pl\/index.php\/wp-json\/wp\/v2\/media?parent=1841"}],"curies":[{"name":"wp","href":"https:\/\/api.w.org\/{rel}","templated":true}]}}