{"id":1821,"date":"2020-04-24T10:56:26","date_gmt":"2020-04-24T08:56:26","guid":{"rendered":"http:\/\/knof.fuw.edu.pl\/?page_id=1821"},"modified":"2025-03-16T19:58:37","modified_gmt":"2025-03-16T18:58:37","slug":"for-members","status":"publish","type":"page","link":"https:\/\/knof.fuw.edu.pl\/index.php\/en\/for-members\/","title":{"rendered":"For Members"},"content":{"rendered":"\n<p>Here you&#8217;ll find access to several databases:<\/p>\n\n\n\n<ol class=\"wp-block-list\">\n<li><a href=\"https:\/\/knof.fuw.edu.pl\/index.php\/en\/knof-archives\/\">Google Drive space which serves as archives for all KNOF documents and files. <\/a><\/li>\n\n\n\n<li><a href=\"https:\/\/knof.fuw.edu.pl\/index.php\/dla-czlonkow\/grafiki\/\">Dost\u0119p do szablon\u00f3w grafik przygotowanych dla KNOF, oryginalnych logotyp\u00f3w itd.<\/a><\/li>\n\n\n\n<li><a href=\"https:\/\/knof.fuw.edu.pl\/index.php\/dla-czlonkow\/kalendarz\/\">Mo\u017cliwo\u015b\u0107 uzyskania dost\u0119pu do Kalendarza Google z aktualizowanymi na bie\u017c\u0105co spotkaniami i projektami KNOF.<\/a><\/li>\n\n\n\n<li><a href=\"https:\/\/knof.fuw.edu.pl\/index.php\/en\/for-members\/discord\/\" data-type=\"page\" data-id=\"2223\">Invitation link to the KNOF Discord Server<\/a><\/li>\n\n\n\n<li><a href=\"https:\/\/knof.fuw.edu.pl\/index.php\/en\/for-members\/reimbursements\/\" data-type=\"page\" data-id=\"2240\">Reimbursements<\/a><\/li>\n\n\n\n<li><a href=\"https:\/\/knof.fuw.edu.pl\/index.php\/en\/membership\/\" data-type=\"page\" data-id=\"2347\">Membership<\/a><\/li>\n<\/ol>\n","protected":false},"excerpt":{"rendered":"<p>Here you&#8217;ll find access to several databases:<\/p>\n","protected":false},"author":1,"featured_media":0,"parent":0,"menu_order":0,"comment_status":"closed","ping_status":"closed","template":"","meta":{"footnotes":""},"class_list":["post-1821","page","type-page","status-publish","hentry"],"_links":{"self":[{"href":"https:\/\/knof.fuw.edu.pl\/index.php\/wp-json\/wp\/v2\/pages\/1821","targetHints":{"allow":["GET"]}}],"collection":[{"href":"https:\/\/knof.fuw.edu.pl\/index.php\/wp-json\/wp\/v2\/pages"}],"about":[{"href":"https:\/\/knof.fuw.edu.pl\/index.php\/wp-json\/wp\/v2\/types\/page"}],"author":[{"embeddable":true,"href":"https:\/\/knof.fuw.edu.pl\/index.php\/wp-json\/wp\/v2\/users\/1"}],"replies":[{"embeddable":true,"href":"https:\/\/knof.fuw.edu.pl\/index.php\/wp-json\/wp\/v2\/comments?post=1821"}],"version-history":[{"count":5,"href":"https:\/\/knof.fuw.edu.pl\/index.php\/wp-json\/wp\/v2\/pages\/1821\/revisions"}],"predecessor-version":[{"id":2379,"href":"https:\/\/knof.fuw.edu.pl\/index.php\/wp-json\/wp\/v2\/pages\/1821\/revisions\/2379"}],"wp:attachment":[{"href":"https:\/\/knof.fuw.edu.pl\/index.php\/wp-json\/wp\/v2\/media?parent=1821"}],"curies":[{"name":"wp","href":"https:\/\/api.w.org\/{rel}","templated":true}]}}