{"id":1762,"date":"2020-04-23T18:35:16","date_gmt":"2020-04-23T16:35:16","guid":{"rendered":"http:\/\/knof.fuw.edu.pl\/?page_id=1762"},"modified":"2026-02-21T16:55:08","modified_gmt":"2026-02-21T15:55:08","slug":"knof-uw","status":"publish","type":"page","link":"https:\/\/knof.fuw.edu.pl\/index.php\/en\/about-us\/knof-uw\/","title":{"rendered":"KNOF UW"},"content":{"rendered":"<h4><img loading=\"lazy\" decoding=\"async\" class=\"aligncenter wp-image-1765 size-full\" src=\"https:\/\/knof.fuw.edu.pl\/wp-content\/uploads\/2020\/04\/KNOF_ENNew.png\" alt=\"\" width=\"479\" height=\"64\" srcset=\"https:\/\/knof.fuw.edu.pl\/wp-content\/uploads\/2020\/04\/KNOF_ENNew.png 479w, https:\/\/knof.fuw.edu.pl\/wp-content\/uploads\/2020\/04\/KNOF_ENNew-300x40.png 300w\" sizes=\"auto, (max-width: 479px) 100vw, 479px\" \/><\/h4>\n<h4 style=\"text-align: center;\">Student Association of Optics and Photonics UW<\/h4>\n<h4 style=\"text-align: center;\">(Ko\u0142o Naukowe Optyki i Fotoniki UW, KNOF UW)<\/h4>\n<p><strong>Student Association of Optics and Photonics (KNOF UW)<\/strong>, University of Warsaw OSA\u00a0Student Chapter<strong>,<\/strong> University of Warsaw SPIE Student Chapter, University of Warsaw Optics EPS Young Minds Section, University of Warsaw IEEE Photonics Student Branch Chapter (for legal reasons we co-exist as formally separate organizations with common goals) were established by students and PhD candidates in the beginning of 2011. The main goal of the project is support and encouragment for scientific activities for PhD and undergrad students working with broadly defined optics and photonics. We aim to simplify communication within University of Warsaw student communities, Polish scientific communities, and support international networks and cooperative projects.<\/p>\n<p>We believe that our Association will become a platform to exchange scientific experience and ideas, combining state-of-the-art research in various fields of optics and photonics, and encouraging students to actively participate in joint research work and projects. We especially aim to raise interest in optics and in own research among the youngest undergraduate students, whose enthusiasm and fresh ideas may come to life in creative work under supervision of our more experienced members.<\/p>\n<p>We achieve our goals via:<\/p>\n<ul>\n<li>organising lectures and workshops<\/li>\n<li>participation in national and international conferences<\/li>\n<li>organising our own student conference &#8211; the <a href=\"http:\/\/minimodes.fuw.edu.pl\"><span style=\"text-decoration: underline;\">miniModes Photonics School<\/span><\/a><\/li>\n<li>help in getting the funding for conferences and workshops<\/li>\n<li>outreach projects about the science of light &#8211; optics and photonics<\/li>\n<li>enabling the members internetional networking<\/li>\n<li>building a strong KNOF social network<\/li>\n<li>and many more &#8211; maybe your own fresh ideas!<\/li>\n<\/ul>\n<p><strong>Our Student Association Advisor<\/strong> is <span style=\"text-decoration: underline;\"><a href=\"https:\/\/usosweb.fuw.edu.pl\/kontroler.php?_action=katalog2\/osoby\/pokazOsobe&amp;os_id=24870\">Micha\u0142 Karpi\u0144ski, PhD<\/a><\/span>, working at Faculty of Physics UW.<\/p>\n<p>Our mail address is knof[at]fuw.edu.pl.<\/p>\n<h1>2026 Board<\/h1>\n<p>Chairman: Tomasz Prokop<br \/>\nVice-chairman: Maksymilian Ogorza\u0142ek<br \/>\nVice-chairman: Beata Siorek<br \/>\nVice-chairman: Antoni Skoczypiec<br \/>\nVice-chairman: Ewa Pajurek<br \/>\nTreasurer: Jakub Sobo\u0144<br \/>\nSecretary: Wiktor Krokosz<\/p>\n<h2>Earlier Boards:<\/h2>\n<h1>2025 Board<\/h1>\n<p>Chairman: Wiktor Krokosz<br \/>\nVice-chairman: Bartosz Kasza<br \/>\nVice-chairman: Jan Nowosielski<br \/>\nVice-chairman: Maksymilian Ogorza\u0142ek<br \/>\nTreasurer: Tomasz Prokop<br \/>\nSecretary: Bartosz Niewelt<\/p>\n<h1>2024 Board<\/h1>\n<p>Chairman: Bartosz Niewelt<br \/>\nVice-chairman: Stanis\u0142aw Kurzyna<br \/>\nVice-chairman: Zofia Dziekan<br \/>\nTreasurer: Wiktor Krokosz<br \/>\nSecretary: Marcin Jastrz\u0119bski<\/p>\n<h1>2023 Board<\/h1>\n<p>Chairman: Marcin Jastrz\u0119bski<br \/>\nVice-chairman: Stanis\u0142aw Kurzyna<br \/>\nVice-chairman: Zofia Dziekan<br \/>\nTreasurer: Pavel Halavach<br \/>\nSecretary: Katarzyna Ludwiczak<\/p>\n<h1>2022 Board<\/h1>\n<p>Chairman: <a href=\"https:\/\/usosweb.uw.edu.pl\/kontroler.php?_action=katalog2\/osoby\/pokazOsobe&amp;os_id=296221\">Katarzyna Ludwiczak<\/a><br \/>\nVice-chairman: Micha\u0142 Chrzanowski<br \/>\nVice-chairman: <a href=\"https:\/\/usosweb.uw.edu.pl\/kontroler.php?_action=katalog2\/osoby\/pokazOsobe&amp;os_id=296185\">Micha\u0142 Lipka<\/a><br \/>\nTreasurer: <a href=\"https:\/\/usosweb.uw.edu.pl\/kontroler.php?_action=actionx:katalog2\/osoby\/pokazOsobe(os_id:190996)\">Micha\u0142 Miko\u0142ajczyk<\/a><br \/>\nSecretary: <a href=\"https:\/\/usosweb.uw.edu.pl\/kontroler.php?_action=katalog2\/osoby\/pokazOsobe&amp;os_id=376755\">Adam Widomski<\/a><\/p>\n<h3>2021 Board<\/h3>\n<p>Chairman: <a href=\"https:\/\/usosweb.uw.edu.pl\/kontroler.php?_action=katalog2\/osoby\/pokazOsobe&amp;os_id=376755\">Adam Widomski<\/a><br \/>\nVice-chairman: <a href=\"https:\/\/usosweb.uw.edu.pl\/kontroler.php?_action=katalog2\/osoby\/pokazOsobe&amp;os_id=296221\">Katarzyna Ludwiczak<\/a><br \/>\nVice-chairman: <a href=\"https:\/\/usosweb.uw.edu.pl\/kontroler.php?_action=katalog2\/osoby\/pokazOsobe&amp;os_id=382401\">Uliana Pylypenko<\/a><br \/>\nTreasurer: <a href=\"https:\/\/usosweb.uw.edu.pl\/kontroler.php?_action=actionx:katalog2\/osoby\/pokazOsobe(os_id:283426)\">Filip So\u015bnicki<\/a><br \/>\nSecretary: <a href=\"https:\/\/usosweb.uw.edu.pl\/kontroler.php?_action=actionx:katalog2\/osoby\/pokazOsobe(os_id:190996)\">Micha\u0142 Miko\u0142ajczyk<\/a><\/p>\n<h3>2020 Board<\/h3>\n<p>Chairman: <a href=\"https:\/\/usosweb.uw.edu.pl\/kontroler.php?_action=actionx:katalog2\/osoby\/pokazOsobe(os_id:190996)\">Micha\u0142 Miko\u0142ajczyk<\/a><br \/>\nVice-chairman: <a href=\"https:\/\/usosweb.uw.edu.pl\/kontroler.php?_action=katalog2\/osoby\/pokazOsobe&amp;os_id=376755\">Adam Widomski<\/a><br \/>\nVice-chairman: <a href=\"https:\/\/usosweb.uw.edu.pl\/kontroler.php?_action=katalog2\/osoby\/pokazOsobe&amp;os_id=382401\">Uliana Pylypenko<\/a><br \/>\nTreasurer: <a href=\"https:\/\/usosweb.uw.edu.pl\/kontroler.php?_action=actionx:katalog2\/osoby\/pokazOsobe(os_id:283426)\">Filip So\u015bnicki<\/a><br \/>\nSecretary:\u00a0Piotr W\u0119grzyn<\/p>\n<h3>2019<\/h3>\n<p>Chairman:\u00a0<a href=\"https:\/\/usosweb.fuw.edu.pl\/kontroler.php?_action=katalog2\/osoby\/pokazOsobe&amp;os_id=273690\">Piotr W\u0119grzyn<\/a><br \/>\nVice-chairman: Natalia Kuk<br \/>\nVice-chairman: <a href=\"https:\/\/usosweb.uw.edu.pl\/kontroler.php?_action=actionx:katalog2\/osoby\/pokazOsobe(os_id:190996)\">Micha\u0142 Miko\u0142ajczyk<\/a><br \/>\nTreasurer: <a href=\"https:\/\/usosweb.uw.edu.pl\/kontroler.php?_action=actionx:katalog2\/osoby\/pokazOsobe(os_id:283426)\">Filip So\u015bnicki<\/a><br \/>\nSecretary:\u00a0<a href=\"https:\/\/usosweb.fuw.edu.pl\/kontroler.php?_action=katalog2\/osoby\/pokazOsobe&amp;os_id=274734\">Jakub Dobosz<\/a><\/p>\n<h3>2018<\/h3>\n<p>Chairman: <a href=\"https:\/\/usosweb.fuw.edu.pl\/kontroler.php?_action=katalog2\/osoby\/pokazOsobe&amp;os_id=274734\">Jakub Dobosz<\/a><br \/>\nVice-chairman: <a href=\"https:\/\/usosweb.fuw.edu.pl\/kontroler.php?_action=katalog2\/osoby\/pokazOsobe&amp;os_id=214382\">Miko\u0142aj Rog\u00f3\u017c<\/a><br \/>\nTreasurer: <a href=\"https:\/\/usosweb.fuw.edu.pl\/kontroler.php?_action=katalog2\/osoby\/pokazOsobe&amp;os_id=168356\">Micha\u0142 Jachura<\/a><\/p>\n<h3>2017<\/h3>\n<p>Chairman:<a href=\"https:\/\/usosweb.fuw.edu.pl\/kontroler.php?_action=katalog2\/osoby\/pokazOsobe&amp;os_id=273690\"> Piotr W\u0119grzyn<\/a><br \/>\nVice-chairman: <a href=\"https:\/\/usosweb.fuw.edu.pl\/kontroler.php?_action=katalog2\/osoby\/pokazOsobe&amp;os_id=171963\">Justyna Piwowar<\/a><br \/>\nVice-chairman: <a href=\"https:\/\/usosweb.fuw.edu.pl\/kontroler.php?_action=katalog2\/osoby\/pokazOsobe&amp;os_id=274734\">Jakub Dobosz<\/a><br \/>\nTreasurer: <a href=\"https:\/\/usosweb.fuw.edu.pl\/kontroler.php?_action=katalog2\/osoby\/pokazOsobe&amp;os_id=168356\">Micha\u0142 Jachura<\/a><\/p>\n<h3>2016<\/h3>\n<p>Chairman: Micha\u0142 Parniak<br \/>\nVice-chairman: Jerzy Szuniewicz<br \/>\nSecretary: Piotr W\u0119grzyn<br \/>\nTreasurer: Jan Szczepanek<\/p>\n","protected":false},"excerpt":{"rendered":"<p>Student Association of Optics and Photonics UW (Ko\u0142o Naukowe Optyki i Fotoniki UW, KNOF UW) Student Association of Optics and Photonics (KNOF UW), University of Warsaw OSA\u00a0Student Chapter, University of Warsaw SPIE Student Chapter, University of Warsaw Optics EPS Young Minds Section, University of Warsaw IEEE Photonics Student Branch Chapter &hellip;<\/p>\n","protected":false},"author":1,"featured_media":1108,"parent":1495,"menu_order":0,"comment_status":"closed","ping_status":"closed","template":"","meta":{"footnotes":""},"class_list":["post-1762","page","type-page","status-publish","has-post-thumbnail","hentry"],"_links":{"self":[{"href":"https:\/\/knof.fuw.edu.pl\/index.php\/wp-json\/wp\/v2\/pages\/1762","targetHints":{"allow":["GET"]}}],"collection":[{"href":"https:\/\/knof.fuw.edu.pl\/index.php\/wp-json\/wp\/v2\/pages"}],"about":[{"href":"https:\/\/knof.fuw.edu.pl\/index.php\/wp-json\/wp\/v2\/types\/page"}],"author":[{"embeddable":true,"href":"https:\/\/knof.fuw.edu.pl\/index.php\/wp-json\/wp\/v2\/users\/1"}],"replies":[{"embeddable":true,"href":"https:\/\/knof.fuw.edu.pl\/index.php\/wp-json\/wp\/v2\/comments?post=1762"}],"version-history":[{"count":16,"href":"https:\/\/knof.fuw.edu.pl\/index.php\/wp-json\/wp\/v2\/pages\/1762\/revisions"}],"predecessor-version":[{"id":2474,"href":"https:\/\/knof.fuw.edu.pl\/index.php\/wp-json\/wp\/v2\/pages\/1762\/revisions\/2474"}],"up":[{"embeddable":true,"href":"https:\/\/knof.fuw.edu.pl\/index.php\/wp-json\/wp\/v2\/pages\/1495"}],"wp:featuredmedia":[{"embeddable":true,"href":"https:\/\/knof.fuw.edu.pl\/index.php\/wp-json\/wp\/v2\/media\/1108"}],"wp:attachment":[{"href":"https:\/\/knof.fuw.edu.pl\/index.php\/wp-json\/wp\/v2\/media?parent=1762"}],"curies":[{"name":"wp","href":"https:\/\/api.w.org\/{rel}","templated":true}]}}