{"id":1743,"date":"2020-04-23T17:14:05","date_gmt":"2020-04-23T15:14:05","guid":{"rendered":"http:\/\/knof.fuw.edu.pl\/?page_id=1743"},"modified":"2020-04-23T17:44:25","modified_gmt":"2020-04-23T15:44:25","slug":"ieee-photonics-student-branch","status":"publish","type":"page","link":"https:\/\/knof.fuw.edu.pl\/index.php\/o-nas\/ieee-photonics-student-branch\/","title":{"rendered":"IEEE Photonics Student Branch"},"content":{"rendered":"<p style=\"text-align: center;\"><img loading=\"lazy\" decoding=\"async\" class=\"size-medium wp-image-1744 aligncenter\" src=\"https:\/\/knof.fuw.edu.pl\/wp-content\/uploads\/2020\/04\/IEE-15-TA-325_Photonics_TagLogo_RGB-300x115.png\" alt=\"\" width=\"300\" height=\"115\" srcset=\"https:\/\/knof.fuw.edu.pl\/wp-content\/uploads\/2020\/04\/IEE-15-TA-325_Photonics_TagLogo_RGB-300x115.png 300w, https:\/\/knof.fuw.edu.pl\/wp-content\/uploads\/2020\/04\/IEE-15-TA-325_Photonics_TagLogo_RGB-768x296.png 768w, https:\/\/knof.fuw.edu.pl\/wp-content\/uploads\/2020\/04\/IEE-15-TA-325_Photonics_TagLogo_RGB-1024x394.png 1024w, https:\/\/knof.fuw.edu.pl\/wp-content\/uploads\/2020\/04\/IEE-15-TA-325_Photonics_TagLogo_RGB-1536x591.png 1536w, https:\/\/knof.fuw.edu.pl\/wp-content\/uploads\/2020\/04\/IEE-15-TA-325_Photonics_TagLogo_RGB-2048x788.png 2048w, https:\/\/knof.fuw.edu.pl\/wp-content\/uploads\/2020\/04\/IEE-15-TA-325_Photonics_TagLogo_RGB-520x200.png 520w\" sizes=\"auto, (max-width: 300px) 100vw, 300px\" \/><\/p>\n<h4 style=\"text-align: center;\">University of Warsaw IEEE Photonics Student Branch Chapter<\/h4>\n<h4 style=\"text-align: center;\">University of Warsaw IEEE Student Branch<\/h4>\n<p>&nbsp;<\/p>\n<p>Institute of Electrical and Electronics Engineers (<a href=\"https:\/\/www.ieee.org\/\"><span style=\"text-decoration: underline;\">IEEE<\/span><\/a>) to najwi\u0119ksza na \u015bwiecie organizacja zawodowa, zrzeszaj\u0105ca ponad 420 tys. cz\u0142onk\u00f3w ze 160 kraj\u00f3w. Wbrew nazwie obejmuje nie tylko obszary elektryki i elektroniki, ale r\u00f3wnie\u017c 39 dziedzin satelickich, za kt\u00f3re odpowiadaj\u0105 odpowiednie stowarzyszenia (IEEE Societies). Najbli\u017cszym nam jest oczywi\u015bcie <a href=\"http:\/\/photonicssociety.org\"><span style=\"text-decoration: underline;\">IEEE Photonics Society<\/span><\/a>, dzia\u0142aj\u0105ce pod r\u00f3\u017cnymi nazwami od 1965 roku i wspieraj\u0105ce rozw\u00f3j i popularyzacj\u0119 optyki, fotoniki, komunikacji kwantowej i ich zastosowa\u0144.<\/p>\n<p>IEEE Photonics Society wspiera badania naukowe i aplikacyjne, organizuje lub sponsoruje konferencje i warsztaty na ca\u0142ym \u015bwiecie, zapewnia wsparcie dla pokaz\u00f3w popularyzacyjnych, programy grantowe dla student\u00f3w oraz utrzymuje szereg renomowanych czasopism naukowych.<\/p>\n<p>W 2019 roku stali\u015bmy si\u0119 jednym z ponad 2600 oddzia\u0142\u00f3w studenckich IEEE, a tak\u017ce oddzia\u0142em studenckim IEEE Photonics. Wsp\u00f3\u0142praca KNOF z IEEE Photonics to m.in.:<\/p>\n<ul>\n<li>dofinansowanie projekt\u00f3w Ko\u0142a<\/li>\n<li>zapraszanie naukowc\u00f3w z ca\u0142ego \u015bwiata na wyk\u0142ady i spotkania<\/li>\n<li>dost\u0119p do wybranych czasopism naukowych<\/li>\n<li>zaopatrzenie w materia\u0142y do pokaz\u00f3w<\/li>\n<li>mo\u017cliwo\u015b\u0107 aplikowania o r\u00f3\u017cnorodne granty<\/li>\n<\/ul>\n<p>Uczestnicz\u0105c w KNOF nie musisz by\u0107 cz\u0142onkiem IEEE, chocia\u017c naprawd\u0119 warto! Aby zosta\u0107 cz\u0142onkiem IEEE nale\u017cy zarejestrowa\u0107 si\u0119 na ich stronie internetowej i wnie\u015b\u0107 op\u0142at\u0119 w wysoko\u015bci 20 USD\/rok. Warto na ten temat porozmawia\u0107 ze swoim opiekunem naukowym \u2013 by\u0107 mo\u017ce zgodzi si\u0119 sfinansowa\u0107 Twoje cz\u0142onkostwo.<\/p>\n","protected":false},"excerpt":{"rendered":"<p>University of Warsaw IEEE Photonics Student Branch Chapter University of Warsaw IEEE Student Branch &nbsp; Institute of Electrical and Electronics Engineers (IEEE) to najwi\u0119ksza na \u015bwiecie organizacja zawodowa, zrzeszaj\u0105ca ponad 420 tys. cz\u0142onk\u00f3w ze 160 kraj\u00f3w. Wbrew nazwie obejmuje nie tylko obszary elektryki i elektroniki, ale r\u00f3wnie\u017c 39 dziedzin satelickich, &hellip;<\/p>\n","protected":false},"author":1,"featured_media":1744,"parent":38,"menu_order":0,"comment_status":"closed","ping_status":"closed","template":"","meta":{"footnotes":""},"class_list":["post-1743","page","type-page","status-publish","has-post-thumbnail","hentry"],"_links":{"self":[{"href":"https:\/\/knof.fuw.edu.pl\/index.php\/wp-json\/wp\/v2\/pages\/1743","targetHints":{"allow":["GET"]}}],"collection":[{"href":"https:\/\/knof.fuw.edu.pl\/index.php\/wp-json\/wp\/v2\/pages"}],"about":[{"href":"https:\/\/knof.fuw.edu.pl\/index.php\/wp-json\/wp\/v2\/types\/page"}],"author":[{"embeddable":true,"href":"https:\/\/knof.fuw.edu.pl\/index.php\/wp-json\/wp\/v2\/users\/1"}],"replies":[{"embeddable":true,"href":"https:\/\/knof.fuw.edu.pl\/index.php\/wp-json\/wp\/v2\/comments?post=1743"}],"version-history":[{"count":3,"href":"https:\/\/knof.fuw.edu.pl\/index.php\/wp-json\/wp\/v2\/pages\/1743\/revisions"}],"predecessor-version":[{"id":1752,"href":"https:\/\/knof.fuw.edu.pl\/index.php\/wp-json\/wp\/v2\/pages\/1743\/revisions\/1752"}],"up":[{"embeddable":true,"href":"https:\/\/knof.fuw.edu.pl\/index.php\/wp-json\/wp\/v2\/pages\/38"}],"wp:featuredmedia":[{"embeddable":true,"href":"https:\/\/knof.fuw.edu.pl\/index.php\/wp-json\/wp\/v2\/media\/1744"}],"wp:attachment":[{"href":"https:\/\/knof.fuw.edu.pl\/index.php\/wp-json\/wp\/v2\/media?parent=1743"}],"curies":[{"name":"wp","href":"https:\/\/api.w.org\/{rel}","templated":true}]}}