{"id":1469,"date":"2019-08-07T00:47:02","date_gmt":"2019-08-06T22:47:02","guid":{"rendered":"http:\/\/knof.fuw.edu.pl\/?page_id=1469"},"modified":"2020-04-24T20:47:12","modified_gmt":"2020-04-24T18:47:12","slug":"projects-and-outreach","status":"publish","type":"page","link":"https:\/\/knof.fuw.edu.pl\/index.php\/en\/projects-and-outreach\/","title":{"rendered":"Projects and outreach"},"content":{"rendered":"<p>We are always busy with new projects! We organise student conferences and professional development schools. We are active in many outreach events organised nationwide.<\/p>\n<p>&nbsp;<\/p>\n<p><!--more--><\/p>\n<p>&nbsp;<\/p>\n\n<!-- NOTE: If you need to make changes to this file, copy it to your current theme's main\n\tdirectory so your changes won't be overwritten when the plugin is upgraded. -->\n\n<!-- Post Wrap Start-->\n<div class=\"post hentry ivycat-post\">\n\n\t<!-- \tThis outputs the post TITLE -->\n\t<h2 class=\"entry-title\"><a href=\"https:\/\/knof.fuw.edu.pl\/index.php\/2020\/09\/10\/konkurs-na-render-w-blenderze\/\">Konkurs na render w Blenderze<\/a><\/h2>\n\n\t<!-- \tThis outputs the post EXCERPT.  To display full content including images and html,\n\t\treplace the_excerpt(); with the_content();  below. -->\n\t<div class=\"entry-summary\">\n\t\t<p>Mamy przyjemno\u015b\u0107 og\u0142osi\u0107 konkurs na najlepszy render sceny w programie Blender. Konkurs jest otwarty dla wszystkich student\u00f3w, doktorant\u00f3w i os\u00f3b zainteresowanych nauk\u0105 w Polsce. Przedmiotem konkursu jest najlepszy, najbardziej interesuj\u0105cy, naj\u0142adniejszy, najlepiej zrobiony render sceny wykonany w programie Blender. Scena musi zawiera\u0107 przynajmniej jeden unikalny model elementu opto-mechanicznego wartego min. &hellip;<\/p>\n\t<\/div>\n\n\t<!--\tThis outputs the post META information -->\n\t<div class=\"entry-utility\">\n\t\t\t\t\t<span class=\"cat-links\">\n\t\t\t\t<span class=\"entry-utility-prep entry-utility-prep-cat-links\">Posted in<\/span> <a href=\"https:\/\/knof.fuw.edu.pl\/index.php\/category\/aktualnosci\/\" rel=\"category tag\">Aktualno\u015bci<\/a>, <a href=\"https:\/\/knof.fuw.edu.pl\/index.php\/category\/popularyzacja\/\" rel=\"category tag\">Popularyzacja<\/a>\t\t\t<\/span>\n\t\t\t<span class=\"meta-sep\">|<\/span>\n\t\t\t\t\t\t<span class=\"comments-link\">\n\t\t\t<span>Comments Off<span class=\"screen-reader-text\"> on Konkurs na render w Blenderze<\/span><\/span>\t\t<\/span>\n\t\t\t<\/div>\n<\/div>\n<!-- \/\/ Post Wrap End -->\n\n<!-- NOTE: If you need to make changes to this file, copy it to your current theme's main\n\tdirectory so your changes won't be overwritten when the plugin is upgraded. -->\n\n<!-- Post Wrap Start-->\n<div class=\"post hentry ivycat-post\">\n\n\t<!-- \tThis outputs the post TITLE -->\n\t<h2 class=\"entry-title\"><a href=\"https:\/\/knof.fuw.edu.pl\/index.php\/2019\/05\/28\/dzien-otwarty-kampusu-ochota-2019\/\">Dzie\u0144 Otwarty Kampusu Ochota 2019<\/a><\/h2>\n\n\t<!-- \tThis outputs the post EXCERPT.  To display full content including images and html,\n\t\treplace the_excerpt(); with the_content();  below. -->\n\t<div class=\"entry-summary\">\n\t\t<p>KNOF poza du\u017cymi projektami popularyzatorskimi wykorzystuje r\u00f3wnie\u017c inne okazje, by szerzy\u0107 wiedz\u0119 o optyce i fotonice. Podczas Dnia Otwartego Kampusu Ochota 2019 nasi Cz\u0142onkowie oprowadzali ch\u0119tnych po laboratoriach Zak\u0142adu Optyki FUW: Laboratorium Fotoniki Kwantowej i Laboratorium Ultrazimnych Gaz\u00f3w, opowiadaj\u0105c o prowadzonych tam badaniach, r\u00f3wnie\u017c w\u0142asnych. &nbsp;<\/p>\n\t<\/div>\n\n\t<!--\tThis outputs the post META information -->\n\t<div class=\"entry-utility\">\n\t\t\t\t\t<span class=\"cat-links\">\n\t\t\t\t<span class=\"entry-utility-prep entry-utility-prep-cat-links\">Posted in<\/span> <a href=\"https:\/\/knof.fuw.edu.pl\/index.php\/category\/galerie\/\" rel=\"category tag\">Galerie<\/a>, <a href=\"https:\/\/knof.fuw.edu.pl\/index.php\/category\/popularyzacja\/\" rel=\"category tag\">Popularyzacja<\/a>\t\t\t<\/span>\n\t\t\t<span class=\"meta-sep\">|<\/span>\n\t\t\t\t\t\t<span class=\"comments-link\">\n\t\t\t<span>Comments Off<span class=\"screen-reader-text\"> on Dzie\u0144 Otwarty Kampusu Ochota 2019<\/span><\/span>\t\t<\/span>\n\t\t\t<\/div>\n<\/div>\n<!-- \/\/ Post Wrap End -->\n\n<!-- NOTE: If you need to make changes to this file, copy it to your current theme's main\n\tdirectory so your changes won't be overwritten when the plugin is upgraded. -->\n\n<!-- Post Wrap Start-->\n<div class=\"post hentry ivycat-post\">\n\n\t<!-- \tThis outputs the post TITLE -->\n\t<h2 class=\"entry-title\"><a href=\"https:\/\/knof.fuw.edu.pl\/index.php\/2019\/05\/16\/miedzynarodowy-dzien-swiatla-2019\/\">Mi\u0119dzynarodowy Dzie\u0144 \u015awiat\u0142a 2019<\/a><\/h2>\n\n\t<!-- \tThis outputs the post EXCERPT.  To display full content including images and html,\n\t\treplace the_excerpt(); with the_content();  below. -->\n\t<div class=\"entry-summary\">\n\t\t<p>Dzi\u015b jest nasze wielkie \u015bwi\u0119to &#8211; Mi\u0119dzynarodowy Dzie\u0144 \u015awiat\u0142a! Bez \u015bwiat\u0142a nie by\u0142oby nie tylko optyki czy fotoniki, ale i ca\u0142ego naszego \u015bwiata &#8211; w ko\u0144cu to dzi\u0119ki \u015bwiat\u0142u widzisz i czytasz te s\u0142owa. \u015awiat\u0142o towarzyszy nam i pomaga od zawsze &#8211; w r\u00f3\u017cnych formach. Dlatego w\u0142a\u015bnie UNESCO ustanowi\u0142o 16 &hellip;<\/p>\n\t<\/div>\n\n\t<!--\tThis outputs the post META information -->\n\t<div class=\"entry-utility\">\n\t\t\t\t\t<span class=\"cat-links\">\n\t\t\t\t<span class=\"entry-utility-prep entry-utility-prep-cat-links\">Posted in<\/span> <a href=\"https:\/\/knof.fuw.edu.pl\/index.php\/category\/aktualnosci\/\" rel=\"category tag\">Aktualno\u015bci<\/a>, <a href=\"https:\/\/knof.fuw.edu.pl\/index.php\/category\/popularyzacja\/\" rel=\"category tag\">Popularyzacja<\/a>\t\t\t<\/span>\n\t\t\t<span class=\"meta-sep\">|<\/span>\n\t\t\t\t\t\t<span class=\"comments-link\">\n\t\t\t<span>Comments Off<span class=\"screen-reader-text\"> on Mi\u0119dzynarodowy Dzie\u0144 \u015awiat\u0142a 2019<\/span><\/span>\t\t<\/span>\n\t\t\t<\/div>\n<\/div>\n<!-- \/\/ Post Wrap End -->\n\n<!-- NOTE: If you need to make changes to this file, copy it to your current theme's main\n\tdirectory so your changes won't be overwritten when the plugin is upgraded. -->\n\n<!-- Post Wrap Start-->\n<div class=\"post hentry ivycat-post\">\n\n\t<!-- \tThis outputs the post TITLE -->\n\t<h2 class=\"entry-title\"><a href=\"https:\/\/knof.fuw.edu.pl\/index.php\/2019\/05\/15\/piknik-naukowy-2019\/\">Piknik Naukowy 2019<\/a><\/h2>\n\n\t<!-- \tThis outputs the post EXCERPT.  To display full content including images and html,\n\t\treplace the_excerpt(); with the_content();  below. -->\n\t<div class=\"entry-summary\">\n\t\t<p>Jak co roku na wiosn\u0119, KNOF wyszed\u0142 do ludzi i spotka\u0142 si\u0119 z nimi na Pikniku Naukowym. Nasi cz\u0142onkowie, ku uciesze dzieci, doros\u0142ych i swojej w\u0142asnej, zaprezentowali optyczny ekran dotykowy, czujniki \u015bwiat\u0142owodowe i \u015bwiat\u0142owody z galaretki. Zapraszamy do przypomnienia sobie pokaz\u00f3w, a nieobecnych zach\u0119camy do rezerwacji majowego terminu Pikniku za &hellip;<\/p>\n\t<\/div>\n\n\t<!--\tThis outputs the post META information -->\n\t<div class=\"entry-utility\">\n\t\t\t\t\t<span class=\"cat-links\">\n\t\t\t\t<span class=\"entry-utility-prep entry-utility-prep-cat-links\">Posted in<\/span> <a href=\"https:\/\/knof.fuw.edu.pl\/index.php\/category\/galerie\/\" rel=\"category tag\">Galerie<\/a>, <a href=\"https:\/\/knof.fuw.edu.pl\/index.php\/category\/popularyzacja\/\" rel=\"category tag\">Popularyzacja<\/a>\t\t\t<\/span>\n\t\t\t<span class=\"meta-sep\">|<\/span>\n\t\t\t\t\t\t<span class=\"comments-link\">\n\t\t\t<span>Comments Off<span class=\"screen-reader-text\"> on Piknik Naukowy 2019<\/span><\/span>\t\t<\/span>\n\t\t\t<\/div>\n<\/div>\n<!-- \/\/ Post Wrap End -->\n\n<!-- NOTE: If you need to make changes to this file, copy it to your current theme's main\n\tdirectory so your changes won't be overwritten when the plugin is upgraded. -->\n\n<!-- Post Wrap Start-->\n<div class=\"post hentry ivycat-post\">\n\n\t<!-- \tThis outputs the post TITLE -->\n\t<h2 class=\"entry-title\"><a href=\"https:\/\/knof.fuw.edu.pl\/index.php\/2019\/03\/28\/can-the-tissue-be-a-lens-meeting-with-prof-maciej-wojtkowski\/\">Can the tissue be a lens? &#8211; meeting with prof. Maciej Wojtkowski<\/a><\/h2>\n\n\t<!-- \tThis outputs the post EXCERPT.  To display full content including images and html,\n\t\treplace the_excerpt(); with the_content();  below. -->\n\t<div class=\"entry-summary\">\n\t\t<p>Chcemy serdecznie zaprosi\u0107 na spotkanie z prof. Maciejem Wojtkowskim, kt\u00f3ry przygotowa\u0142 dla nas prezentacj\u0119 &#8220;Can the tissue be a lens?&#8221; (&#8220;Czy tkanka mo\u017ce by\u0107 soczewk\u0105?&#8221;). Maciej Wojtkowski zaprezentuje jeden ze swoich obecnych projekt\u00f3w badawczych, kt\u00f3ry koordynuje jako Lider Zespo\u0142u w grupie badawczej Optyki Fizycznej i Biofotoniki w Instytucie Chemii Fizycznej &hellip;<\/p>\n\t<\/div>\n\n\t<!--\tThis outputs the post META information -->\n\t<div class=\"entry-utility\">\n\t\t\t\t\t<span class=\"cat-links\">\n\t\t\t\t<span class=\"entry-utility-prep entry-utility-prep-cat-links\">Posted in<\/span> <a href=\"https:\/\/knof.fuw.edu.pl\/index.php\/category\/aktualnosci\/\" rel=\"category tag\">Aktualno\u015bci<\/a>, <a href=\"https:\/\/knof.fuw.edu.pl\/index.php\/category\/integracja\/\" rel=\"category tag\">Integracja<\/a>, <a href=\"https:\/\/knof.fuw.edu.pl\/index.php\/category\/popularyzacja\/\" rel=\"category tag\">Popularyzacja<\/a>, <a href=\"https:\/\/knof.fuw.edu.pl\/index.php\/category\/spotkania\/\" rel=\"category tag\">Spotkania<\/a>, <a href=\"https:\/\/knof.fuw.edu.pl\/index.php\/category\/wyklady\/\" rel=\"category tag\">Wyk\u0142ady<\/a>\t\t\t<\/span>\n\t\t\t<span class=\"meta-sep\">|<\/span>\n\t\t\t\t\t\t<span class=\"comments-link\">\n\t\t\t<span>Comments Off<span class=\"screen-reader-text\"> on Can the tissue be a lens? &#8211; meeting with prof. Maciej Wojtkowski<\/span><\/span>\t\t<\/span>\n\t\t\t<\/div>\n<\/div>\n<!-- \/\/ Post Wrap End -->\n\n<!-- NOTE: If you need to make changes to this file, copy it to your current theme's main\n\tdirectory so your changes won't be overwritten when the plugin is upgraded. -->\n\n<!-- Post Wrap Start-->\n<div class=\"post hentry ivycat-post\">\n\n\t<!-- \tThis outputs the post TITLE -->\n\t<h2 class=\"entry-title\"><a href=\"https:\/\/knof.fuw.edu.pl\/index.php\/2019\/02\/26\/physics-and-what-next-meeting-with-dr-anna-szkulmowska\/\">Physics and what next? Meeting with dr Anna Szkulmowska.<\/a><\/h2>\n\n\t<!-- \tThis outputs the post EXCERPT.  To display full content including images and html,\n\t\treplace the_excerpt(); with the_content();  below. -->\n\t<div class=\"entry-summary\">\n\t\t<p>Cze\u015b\u0107 Kochani, Zbli\u017ca si\u0119 kolejne spotkanie Ko\u0142a Optyki i Fotoniki oraz wszystkich jego sympatyk\u00f3w. Kiedy : 7. marca o godzinie 16.15 Gdzie : W sali B2.38, w nowym budynku FUW-u Zapraszamy serdecznie, zw\u0142aszcza \u017ce b\u0119dziemy mieli przyjemno\u015b\u0107 go\u015bci\u0107 inspiruj\u0105c\u0105 pani\u0105 doktor Ani\u0119 Szkulmowsk\u0105&#8230; Je\u015bli kto\u015b jest zm\u0119czony sesj\u0105 i porzebuje &hellip;<\/p>\n\t<\/div>\n\n\t<!--\tThis outputs the post META information -->\n\t<div class=\"entry-utility\">\n\t\t\t\t\t<span class=\"cat-links\">\n\t\t\t\t<span class=\"entry-utility-prep entry-utility-prep-cat-links\">Posted in<\/span> <a href=\"https:\/\/knof.fuw.edu.pl\/index.php\/category\/aktualnosci\/\" rel=\"category tag\">Aktualno\u015bci<\/a>, <a href=\"https:\/\/knof.fuw.edu.pl\/index.php\/category\/integracja\/\" rel=\"category tag\">Integracja<\/a>, <a href=\"https:\/\/knof.fuw.edu.pl\/index.php\/category\/popularyzacja\/\" rel=\"category tag\">Popularyzacja<\/a>, <a href=\"https:\/\/knof.fuw.edu.pl\/index.php\/category\/spotkania\/\" rel=\"category tag\">Spotkania<\/a>, <a href=\"https:\/\/knof.fuw.edu.pl\/index.php\/category\/wyklady\/\" rel=\"category tag\">Wyk\u0142ady<\/a>\t\t\t<\/span>\n\t\t\t<span class=\"meta-sep\">|<\/span>\n\t\t\t\t\t\t<span class=\"comments-link\">\n\t\t\t<span>Comments Off<span class=\"screen-reader-text\"> on Physics and what next? Meeting with dr Anna Szkulmowska.<\/span><\/span>\t\t<\/span>\n\t\t\t<\/div>\n<\/div>\n<!-- \/\/ Post Wrap End -->\n\n<!-- NOTE: If you need to make changes to this file, copy it to your current theme's main\n\tdirectory so your changes won't be overwritten when the plugin is upgraded. -->\n\n<!-- Post Wrap Start-->\n<div class=\"post hentry ivycat-post\">\n\n\t<!-- \tThis outputs the post TITLE -->\n\t<h2 class=\"entry-title\"><a href=\"https:\/\/knof.fuw.edu.pl\/index.php\/2018\/06\/12\/piknik-naukowy-2018\/\">Piknik Naukowy 2018<\/a><\/h2>\n\n\t<!-- \tThis outputs the post EXCERPT.  To display full content including images and html,\n\t\treplace the_excerpt(); with the_content();  below. -->\n\t<div class=\"entry-summary\">\n\t\t<p>W tym roku na\u00a0Pikniku Naukowym Polskiego Radia i Centrum Nauki Kopernik zaprezentowali\u015bmy pokazy dotycz\u0105ce konwekcji i nanorobot\u00f3w. R\u00f3wnie\u017c rozdawali\u015bmy zestawy do samodzielnego przeprowadzania eksperyment\u00f3w dotycz\u0105cych polaryzacji, dyfrakcji i ciek\u0142ych kryszta\u0142\u00f3w by zapa\u0142 naukowy nie zosta\u0142 na Pikniku, ale i pow\u0119drowa\u0142 pod strzechy.<\/p>\n\t<\/div>\n\n\t<!--\tThis outputs the post META information -->\n\t<div class=\"entry-utility\">\n\t\t\t\t\t<span class=\"cat-links\">\n\t\t\t\t<span class=\"entry-utility-prep entry-utility-prep-cat-links\">Posted in<\/span> <a href=\"https:\/\/knof.fuw.edu.pl\/index.php\/category\/galerie\/\" rel=\"category tag\">Galerie<\/a>, <a href=\"https:\/\/knof.fuw.edu.pl\/index.php\/category\/popularyzacja\/\" rel=\"category tag\">Popularyzacja<\/a>\t\t\t<\/span>\n\t\t\t<span class=\"meta-sep\">|<\/span>\n\t\t\t\t\t\t<span class=\"comments-link\">\n\t\t\t<span>Comments Off<span class=\"screen-reader-text\"> on Piknik Naukowy 2018<\/span><\/span>\t\t<\/span>\n\t\t\t<\/div>\n<\/div>\n<!-- \/\/ Post Wrap End -->\n\n<!-- NOTE: If you need to make changes to this file, copy it to your current theme's main\n\tdirectory so your changes won't be overwritten when the plugin is upgraded. -->\n\n<!-- Post Wrap Start-->\n<div class=\"post hentry ivycat-post\">\n\n\t<!-- \tThis outputs the post TITLE -->\n\t<h2 class=\"entry-title\"><a href=\"https:\/\/knof.fuw.edu.pl\/index.php\/2017\/05\/09\/sesja-plakatowa-wydzialu-fizyki\/\">Sesja Plakatowa Wydzia\u0142u Fizyki<\/a><\/h2>\n\n\t<!-- \tThis outputs the post EXCERPT.  To display full content including images and html,\n\t\treplace the_excerpt(); with the_content();  below. -->\n\t<div class=\"entry-summary\">\n\t\t<p>9 maja 2017 zapraszamy na stanowisko KNOF na Wydzia\u0142owej Sesji Plakatowej Wydzia\u0142u Fizyki UW. Serdecznie zapraszamy!<\/p>\n\t<\/div>\n\n\t<!--\tThis outputs the post META information -->\n\t<div class=\"entry-utility\">\n\t\t\t\t\t<span class=\"cat-links\">\n\t\t\t\t<span class=\"entry-utility-prep entry-utility-prep-cat-links\">Posted in<\/span> <a href=\"https:\/\/knof.fuw.edu.pl\/index.php\/category\/aktualnosci\/\" rel=\"category tag\">Aktualno\u015bci<\/a>, <a href=\"https:\/\/knof.fuw.edu.pl\/index.php\/category\/popularyzacja\/\" rel=\"category tag\">Popularyzacja<\/a>\t\t\t<\/span>\n\t\t\t<span class=\"meta-sep\">|<\/span>\n\t\t\t\t\t\t<span class=\"comments-link\">\n\t\t\t<span>Comments Off<span class=\"screen-reader-text\"> on Sesja Plakatowa Wydzia\u0142u Fizyki<\/span><\/span>\t\t<\/span>\n\t\t\t<\/div>\n<\/div>\n<!-- \/\/ Post Wrap End -->\n\n<!-- NOTE: If you need to make changes to this file, copy it to your current theme's main\n\tdirectory so your changes won't be overwritten when the plugin is upgraded. -->\n\n<!-- Post Wrap Start-->\n<div class=\"post hentry ivycat-post\">\n\n\t<!-- \tThis outputs the post TITLE -->\n\t<h2 class=\"entry-title\"><a href=\"https:\/\/knof.fuw.edu.pl\/index.php\/2015\/11\/24\/dziady-optyczne\/\">Dziady Optyczne<\/a><\/h2>\n\n\t<!-- \tThis outputs the post EXCERPT.  To display full content including images and html,\n\t\treplace the_excerpt(); with the_content();  below. -->\n\t<div class=\"entry-summary\">\n\t\t<p>Zapraszamy student\u00f3w na Optyczne Dziady? Tak, to nie pomy\u0142ka, w pi\u0105tek 27.11.2015 macie szans\u0119 wkroczy\u0107 do optycznego labu, kt\u00f3rego ciemno\u015b\u0107 rozja\u015bni \u015bwiat\u0142o nie ogarka i nie \u015bwicy. W hallu g\u0142\u00f3wnym (Pasteura 5) znajdziecie informacje, kaw\u0119 i harbat\u0119, st\u0105d wyrusz\u0105 grupy do laboratori\u00f3w. 12:00 &#8211; Laboratorium attosekundowe; Optyka i fotonika kwantowa &hellip;<\/p>\n\t<\/div>\n\n\t<!--\tThis outputs the post META information -->\n\t<div class=\"entry-utility\">\n\t\t\t\t\t<span class=\"cat-links\">\n\t\t\t\t<span class=\"entry-utility-prep entry-utility-prep-cat-links\">Posted in<\/span> <a href=\"https:\/\/knof.fuw.edu.pl\/index.php\/category\/aktualnosci\/\" rel=\"category tag\">Aktualno\u015bci<\/a>, <a href=\"https:\/\/knof.fuw.edu.pl\/index.php\/category\/integracja\/\" rel=\"category tag\">Integracja<\/a>, <a href=\"https:\/\/knof.fuw.edu.pl\/index.php\/category\/popularyzacja\/\" rel=\"category tag\">Popularyzacja<\/a>, <a href=\"https:\/\/knof.fuw.edu.pl\/index.php\/category\/spotkania\/\" rel=\"category tag\">Spotkania<\/a>, <a href=\"https:\/\/knof.fuw.edu.pl\/index.php\/category\/wyklady\/\" rel=\"category tag\">Wyk\u0142ady<\/a>\t\t\t<\/span>\n\t\t\t<span class=\"meta-sep\">|<\/span>\n\t\t\t\t\t\t\t<span class=\"tag-links\">\n\t\t\t\t<span class=\"entry-utility-prep entry-utility-prep-tag-links\">Tagged<\/span> <a href=\"https:\/\/knof.fuw.edu.pl\/index.php\/tag\/dziady\/\" rel=\"tag\">dziady<\/a>, <a href=\"https:\/\/knof.fuw.edu.pl\/index.php\/tag\/lasery\/\" rel=\"tag\">lasery<\/a>, <a href=\"https:\/\/knof.fuw.edu.pl\/index.php\/tag\/optyka\/\" rel=\"tag\">optyka<\/a>, <a href=\"https:\/\/knof.fuw.edu.pl\/index.php\/tag\/pizza\/\" rel=\"tag\">pizza<\/a>\t\t\t<\/span>\n\t\t\t<span class=\"meta-sep\">|<\/span>\n\t\t\t\t<span class=\"comments-link\">\n\t\t\t<span>Comments Off<span class=\"screen-reader-text\"> on Dziady Optyczne<\/span><\/span>\t\t<\/span>\n\t\t\t<\/div>\n<\/div>\n<!-- \/\/ Post Wrap End -->\n\n<!-- NOTE: If you need to make changes to this file, copy it to your current theme's main\n\tdirectory so your changes won't be overwritten when the plugin is upgraded. -->\n\n<!-- Post Wrap Start-->\n<div class=\"post hentry ivycat-post\">\n\n\t<!-- \tThis outputs the post TITLE -->\n\t<h2 class=\"entry-title\"><a href=\"https:\/\/knof.fuw.edu.pl\/index.php\/2015\/05\/06\/film-promocyjny\/\">Film promocyjny<\/a><\/h2>\n\n\t<!-- \tThis outputs the post EXCERPT.  To display full content including images and html,\n\t\treplace the_excerpt(); with the_content();  below. -->\n\t<div class=\"entry-summary\">\n\t\t<p>Zapraszamy do obejrzenia kr\u00f3tkiej prezentacji o dzia\u0142aniach naszego Ko\u0142a.<\/p>\n\t<\/div>\n\n\t<!--\tThis outputs the post META information -->\n\t<div class=\"entry-utility\">\n\t\t\t\t\t<span class=\"cat-links\">\n\t\t\t\t<span class=\"entry-utility-prep entry-utility-prep-cat-links\">Posted in<\/span> <a href=\"https:\/\/knof.fuw.edu.pl\/index.php\/category\/integracja\/\" rel=\"category tag\">Integracja<\/a>, <a href=\"https:\/\/knof.fuw.edu.pl\/index.php\/category\/konkursy\/\" rel=\"category tag\">Konkursy<\/a>, <a href=\"https:\/\/knof.fuw.edu.pl\/index.php\/category\/popularyzacja\/\" rel=\"category tag\">Popularyzacja<\/a>, <a href=\"https:\/\/knof.fuw.edu.pl\/index.php\/category\/wyklady\/\" rel=\"category tag\">Wyk\u0142ady<\/a>\t\t\t<\/span>\n\t\t\t<span class=\"meta-sep\">|<\/span>\n\t\t\t\t\t\t\t<span class=\"tag-links\">\n\t\t\t\t<span class=\"entry-utility-prep entry-utility-prep-tag-links\">Tagged<\/span> <a href=\"https:\/\/knof.fuw.edu.pl\/index.php\/tag\/osa\/\" rel=\"tag\">osa<\/a>\t\t\t<\/span>\n\t\t\t<span class=\"meta-sep\">|<\/span>\n\t\t\t\t<span class=\"comments-link\">\n\t\t\t<span>Comments Off<span class=\"screen-reader-text\"> on Film promocyjny<\/span><\/span>\t\t<\/span>\n\t\t\t<\/div>\n<\/div>\n<!-- \/\/ Post Wrap End -->\n\n<!-- NOTE: If you need to make changes to this file, copy it to your current theme's main\n\tdirectory so your changes won't be overwritten when the plugin is upgraded. -->\n\n<!-- Post Wrap Start-->\n<div class=\"post hentry ivycat-post\">\n\n\t<!-- \tThis outputs the post TITLE -->\n\t<h2 class=\"entry-title\"><a href=\"https:\/\/knof.fuw.edu.pl\/index.php\/2015\/04\/23\/konkurs-fotograficzny-light-beyond-the-bulb\/\">Konkurs Fotograficzny Light Beyond the Bulb<\/a><\/h2>\n\n\t<!-- \tThis outputs the post EXCERPT.  To display full content including images and html,\n\t\treplace the_excerpt(); with the_content();  below. -->\n\t<div class=\"entry-summary\">\n\t\t<p>Organizujemy konkurs fotograficzny! Do zdobycia atrakcyjne nagrody, zapraszamy do udzia\u0142u. Tematyka zdj\u0119\u0107: \u015bwiat\u0142o. Regulamin konkursu: na stronie \/ w pdf<\/p>\n\t<\/div>\n\n\t<!--\tThis outputs the post META information -->\n\t<div class=\"entry-utility\">\n\t\t\t\t\t<span class=\"cat-links\">\n\t\t\t\t<span class=\"entry-utility-prep entry-utility-prep-cat-links\">Posted in<\/span> <a href=\"https:\/\/knof.fuw.edu.pl\/index.php\/category\/konkursy\/\" rel=\"category tag\">Konkursy<\/a>, <a href=\"https:\/\/knof.fuw.edu.pl\/index.php\/category\/popularyzacja\/\" rel=\"category tag\">Popularyzacja<\/a>\t\t\t<\/span>\n\t\t\t<span class=\"meta-sep\">|<\/span>\n\t\t\t\t\t\t\t<span class=\"tag-links\">\n\t\t\t\t<span class=\"entry-utility-prep entry-utility-prep-tag-links\">Tagged<\/span> <a href=\"https:\/\/knof.fuw.edu.pl\/index.php\/tag\/fotografia\/\" rel=\"tag\">fotografia<\/a>, <a href=\"https:\/\/knof.fuw.edu.pl\/index.php\/tag\/iyl2015\/\" rel=\"tag\">iyl2015<\/a>, <a href=\"https:\/\/knof.fuw.edu.pl\/index.php\/tag\/swiatlo\/\" rel=\"tag\">\u015bwiat\u0142o<\/a>\t\t\t<\/span>\n\t\t\t<span class=\"meta-sep\">|<\/span>\n\t\t\t\t<span class=\"comments-link\">\n\t\t\t<span>Comments Off<span class=\"screen-reader-text\"> on Konkurs Fotograficzny Light Beyond the Bulb<\/span><\/span>\t\t<\/span>\n\t\t\t<\/div>\n<\/div>\n<!-- \/\/ Post Wrap End -->\n\n<!-- NOTE: If you need to make changes to this file, copy it to your current theme's main\n\tdirectory so your changes won't be overwritten when the plugin is upgraded. -->\n\n<!-- Post Wrap Start-->\n<div class=\"post hentry ivycat-post\">\n\n\t<!-- \tThis outputs the post TITLE -->\n\t<h2 class=\"entry-title\"><a href=\"https:\/\/knof.fuw.edu.pl\/index.php\/2015\/02\/27\/zdjecia-z-18-pikniku-naukowego\/\">Zdj\u0119cia z 18. Pikniku Naukowego<\/a><\/h2>\n\n\t<!-- \tThis outputs the post EXCERPT.  To display full content including images and html,\n\t\treplace the_excerpt(); with the_content();  below. -->\n\t<div class=\"entry-summary\">\n\t\t<p>Zapraszamy do ogl\u0105dania naszej galerii zdj\u0119\u0107 z 18. Pikniku Naukowego. Wkr\u00f3tce wi\u0119cej informacji o naszym udziale w kolejnej edycji Pikniku!<\/p>\n\t<\/div>\n\n\t<!--\tThis outputs the post META information -->\n\t<div class=\"entry-utility\">\n\t\t\t\t\t<span class=\"cat-links\">\n\t\t\t\t<span class=\"entry-utility-prep entry-utility-prep-cat-links\">Posted in<\/span> <a href=\"https:\/\/knof.fuw.edu.pl\/index.php\/category\/popularyzacja\/\" rel=\"category tag\">Popularyzacja<\/a>\t\t\t<\/span>\n\t\t\t<span class=\"meta-sep\">|<\/span>\n\t\t\t\t\t\t\t<span class=\"tag-links\">\n\t\t\t\t<span class=\"entry-utility-prep entry-utility-prep-tag-links\">Tagged<\/span> <a href=\"https:\/\/knof.fuw.edu.pl\/index.php\/tag\/piknik-naukowy\/\" rel=\"tag\">piknik naukowy<\/a>, <a href=\"https:\/\/knof.fuw.edu.pl\/index.php\/tag\/pokazy\/\" rel=\"tag\">pokazy<\/a>, <a href=\"https:\/\/knof.fuw.edu.pl\/index.php\/tag\/popularyzacja-2\/\" rel=\"tag\">popularyzacja<\/a>\t\t\t<\/span>\n\t\t\t<span class=\"meta-sep\">|<\/span>\n\t\t\t\t<span class=\"comments-link\">\n\t\t\t<span>Comments Off<span class=\"screen-reader-text\"> on Zdj\u0119cia z 18. Pikniku Naukowego<\/span><\/span>\t\t<\/span>\n\t\t\t<\/div>\n<\/div>\n<!-- \/\/ Post Wrap End -->\n\n<!-- NOTE: If you need to make changes to this file, copy it to your current theme's main\n\tdirectory so your changes won't be overwritten when the plugin is upgraded. -->\n\n<!-- Post Wrap Start-->\n<div class=\"post hentry ivycat-post\">\n\n\t<!-- \tThis outputs the post TITLE -->\n\t<h2 class=\"entry-title\"><a href=\"https:\/\/knof.fuw.edu.pl\/index.php\/2014\/04\/23\/18-piknik-naukowy\/\">18. Piknik Naukowy ju\u017c wkr\u00f3tce<\/a><\/h2>\n\n\t<!-- \tThis outputs the post EXCERPT.  To display full content including images and html,\n\t\treplace the_excerpt(); with the_content();  below. -->\n\t<div class=\"entry-summary\">\n\t\t<p>Ju\u017c 31 maja odb\u0119dzie si\u0119 tegoroczny Piknik Naukowy, w kt\u00f3rym jak w poprzednich latach bierze udzia\u0142 nasze Ko\u0142o. W tym roku szczeg\u00f3lnie potrzebujemy r\u0105k do pracy &#8211; przygotowania i przedstawienia pokaz\u00f3w. B\u0119dzie to doskona\u0142a okazja, \u017ceby rozpocz\u0105\u0107 wsp\u00f3\u0142prace z naszym Ko\u0142em i sprawdzi\u0107 si\u0119 jako popularyzator nauki. Dla szczeg\u00f3lnie aktywnych &hellip;<\/p>\n\t<\/div>\n\n\t<!--\tThis outputs the post META information -->\n\t<div class=\"entry-utility\">\n\t\t\t\t\t<span class=\"cat-links\">\n\t\t\t\t<span class=\"entry-utility-prep entry-utility-prep-cat-links\">Posted in<\/span> <a href=\"https:\/\/knof.fuw.edu.pl\/index.php\/category\/popularyzacja\/\" rel=\"category tag\">Popularyzacja<\/a>\t\t\t<\/span>\n\t\t\t<span class=\"meta-sep\">|<\/span>\n\t\t\t\t\t\t\t<span class=\"tag-links\">\n\t\t\t\t<span class=\"entry-utility-prep entry-utility-prep-tag-links\">Tagged<\/span> <a href=\"https:\/\/knof.fuw.edu.pl\/index.php\/tag\/piknik-naukowy\/\" rel=\"tag\">piknik naukowy<\/a>\t\t\t<\/span>\n\t\t\t<span class=\"meta-sep\">|<\/span>\n\t\t\t\t<span class=\"comments-link\">\n\t\t\t<span>Comments Off<span class=\"screen-reader-text\"> on 18. Piknik Naukowy ju\u017c wkr\u00f3tce<\/span><\/span>\t\t<\/span>\n\t\t\t<\/div>\n<\/div>\n<!-- \/\/ Post Wrap End -->\n\n","protected":false},"excerpt":{"rendered":"<p>We are always busy with new projects! We organise student conferences and professional development schools. We are active in many outreach events organised nationwide. &nbsp;<\/p>\n","protected":false},"author":1,"featured_media":0,"parent":0,"menu_order":0,"comment_status":"closed","ping_status":"closed","template":"","meta":{"footnotes":""},"class_list":["post-1469","page","type-page","status-publish","hentry"],"_links":{"self":[{"href":"https:\/\/knof.fuw.edu.pl\/index.php\/wp-json\/wp\/v2\/pages\/1469","targetHints":{"allow":["GET"]}}],"collection":[{"href":"https:\/\/knof.fuw.edu.pl\/index.php\/wp-json\/wp\/v2\/pages"}],"about":[{"href":"https:\/\/knof.fuw.edu.pl\/index.php\/wp-json\/wp\/v2\/types\/page"}],"author":[{"embeddable":true,"href":"https:\/\/knof.fuw.edu.pl\/index.php\/wp-json\/wp\/v2\/users\/1"}],"replies":[{"embeddable":true,"href":"https:\/\/knof.fuw.edu.pl\/index.php\/wp-json\/wp\/v2\/comments?post=1469"}],"version-history":[{"count":4,"href":"https:\/\/knof.fuw.edu.pl\/index.php\/wp-json\/wp\/v2\/pages\/1469\/revisions"}],"predecessor-version":[{"id":1916,"href":"https:\/\/knof.fuw.edu.pl\/index.php\/wp-json\/wp\/v2\/pages\/1469\/revisions\/1916"}],"wp:attachment":[{"href":"https:\/\/knof.fuw.edu.pl\/index.php\/wp-json\/wp\/v2\/media?parent=1469"}],"curies":[{"name":"wp","href":"https:\/\/api.w.org\/{rel}","templated":true}]}}