{"id":1110,"date":"2018-02-27T23:24:44","date_gmt":"2018-02-27T22:24:44","guid":{"rendered":"http:\/\/knof.fuw.edu.pl\/?page_id=1110"},"modified":"2020-04-24T13:30:23","modified_gmt":"2020-04-24T11:30:23","slug":"jak-dolaczyc","status":"publish","type":"page","link":"https:\/\/knof.fuw.edu.pl\/index.php\/jak-dolaczyc\/","title":{"rendered":"Jak do\u0142\u0105czy\u0107?"},"content":{"rendered":"<p>Wiele os\u00f3b, chc\u0105cych rozpocz\u0105\u0107 swoj\u0105 przygod\u0119 z KNOF, nie wie od czego zacz\u0105\u0107. Wychodz\u0105c na przeciw tym osobom publikujemy poni\u017cej kilka krok\u00f3w kt\u00f3re nale\u017cy przedsi\u0119wzi\u0105\u0107 by sta\u0107 si\u0119 cz\u0119\u015bci\u0105 tej wspania\u0142ej organizacji:<\/p>\n<h4>Grupa mailingowa<\/h4>\n<p>Podstaw\u0105 jakiejkolwiek spo\u0142eczno\u015bci jest komunikacji. Wykorzystujemy do tego grup\u0119 mailingow\u0105.\u00a0Je\u017celi chcesz by\u0107 na bie\u017c\u0105co informowany o spotkaniach, wyjazdach, projektach itp, zapisz si\u0119 do tej grupy. Mo\u017cesz to zrobi\u0107 wysy\u0142aj\u0105 maila o dowolnej tre\u015bci na adres <span class=\"_5yl5\">knof+subscribe[at]uw.edu.pl<\/span> (pami\u0119taj by potem potwierdzi\u0107 ch\u0119\u0107 przez klikni\u0119cie w link kt\u00f3ry otrzymasz w wiadomo\u015bci zwrotnej). Je\u017celi napotkasz problem skontaktuj si\u0119 z Zarz\u0105dem KNOF \u2013 knof[malpa]fuw.edu.pl.<\/p>\n<h4>Grupa na Facebooku<\/h4>\n<p>Od 2018 wykorzystujemy dodatkowy kana\u0142 komunikacji, jakim staje si\u0119 grupa dyskusyjna na Facebooku \u2013 <a href=\"https:\/\/www.facebook.com\/groups\/353440078506296\/\">KNOF @ Fejs<\/a>. Stworzyli\u015bmy j\u0105 by u\u0142atwi\u0107 dost\u0119p do komunikacji KNOF, osobom kt\u00f3re nie s\u0105 zaznajomione z grup\u0105 mailingow\u0105 (patrz akapit powy\u017cej), preferuj\u0105 porozumiewania si\u0119 przez ten portal lub do\u0142\u0105czenie do grupy na Facebooku jest dla nich \u0142atwiejsze. Podkre\u015blamy jednak, \u017ce g\u0142\u00f3wnym kana\u0142em w ramach kt\u00f3rego przesy\u0142ane s\u0105 informacje pozostaje grupa mailingowa.<\/p>\n<h4>Projekty<\/h4>\n<p>Na grupie mailingowej cz\u0119sto pojawiaj\u0105 si\u0119 og\u0142oszenia, \u017ce potrzebna jest pomoc do jakiego\u015b projektu, \u017ce poszukujemy os\u00f3b kt\u00f3re pomog\u0105 przy festiwalu naukowym czy te\u017c przy rozwieszaniu plakat\u00f3w. Jeste\u015bmy stosunkowo ma\u0142ym Ko\u0142em, wi\u0119c ka\u017cda pomoc jest bardzo cenna. Dlatego zach\u0119camy Ci\u0119 do odpowiadania na takie wiadomo\u015bci. Dzi\u0119ki temu masz mo\u017cliwo\u015b\u0107 spotkania si\u0119 z poszczeg\u00f3lnymi cz\u0142onkami KNOF oraz sposobno\u015b\u0107 by pozna\u0107 jak dzia\u0142amy \u2013 a jeste\u015bmy bardzo skuteczni.<\/p>\n<h4>Spotkania KNOF<\/h4>\n<p>Integraln\u0105 cz\u0119\u015bci\u0105 naszej dzia\u0142alno\u015bci s\u0105 spotkania \u2013 z naukowcami, integracyjne, wyj\u015bcia na miasto czy te\u017c spotkania robocze. Je\u017celi chcesz by\u0107 cz\u0119\u015bci\u0105 KNOF, zacznij przychodzi\u0107 na spotkania. Jest to bardzo dobra okazja do poznania pozosta\u0142ych cz\u0142onk\u00f3w Ko\u0142a.<\/p>\n<h4>Spis powszechny<\/h4>\n<p>Raz w roku, w styczniu, odbywa si\u0119 spis powszechny cz\u0142onk\u00f3w naszego ko\u0142a w zwi\u0105zku z konieczno\u015bci\u0105 sprawozdania si\u0119 z naszej dzia\u0142alno\u015bci w ci\u0105gu ostatnich 12 miesi\u0119cy. \u00a0Pami\u0119taj by wpisa\u0107 si\u0119 na list\u0119, gdy\u017c to gwarantuje Ci pe\u0142ni\u0119 mo\u017cliwo\u015bci korzystania z przywilej\u00f3w p\u0142yn\u0105cych z bycia cz\u0142onkiem KNOF. Informacje o miejscu i czasie, w kt\u00f3rym udost\u0119pniamy list\u0119 do wpisania si\u0119 jest og\u0142aszana poprzez nasz\u0105 grup\u0119 mailingow\u0105.<\/p>\n<h4>Wyjazdy<\/h4>\n<p>Tak jak napisali\u015bmy na g\u0142\u00f3wnej stronie wyjazdy KNOF s\u0105 integraln\u0105 cz\u0119\u015bci\u0105 naszej dzia\u0142alno\u015bci. Najcz\u0119\u015bciej lista os\u00f3b, jest otwarta wi\u0119c zach\u0119camy do zg\u0142aszania si\u0119 aktywnych cz\u0142onk\u00f3w. Mamy bardzo du\u017ce do\u015bwiadczenie w zdobywaniu dofinansowa\u0144 naszych wyjazd\u00f3w.<\/p>\n<p>&nbsp;<\/p>\n<p><img loading=\"lazy\" decoding=\"async\" class=\"size-medium wp-image-1147 aligncenter\" src=\"https:\/\/knof.fuw.edu.pl\/wp-content\/uploads\/2018\/03\/integration_logo-300x300.png\" alt=\"\" width=\"300\" height=\"300\" srcset=\"https:\/\/knof.fuw.edu.pl\/wp-content\/uploads\/2018\/03\/integration_logo-300x300.png 300w, https:\/\/knof.fuw.edu.pl\/wp-content\/uploads\/2018\/03\/integration_logo-150x150.png 150w, https:\/\/knof.fuw.edu.pl\/wp-content\/uploads\/2018\/03\/integration_logo-200x200.png 200w, https:\/\/knof.fuw.edu.pl\/wp-content\/uploads\/2018\/03\/integration_logo.png 374w\" sizes=\"auto, (max-width: 300px) 100vw, 300px\" \/><\/p>\n<p>&nbsp;<\/p>\n","protected":false},"excerpt":{"rendered":"<p>Wiele os\u00f3b, chc\u0105cych rozpocz\u0105\u0107 swoj\u0105 przygod\u0119 z KNOF, nie wie od czego zacz\u0105\u0107. Wychodz\u0105c na przeciw tym osobom publikujemy poni\u017cej kilka krok\u00f3w kt\u00f3re nale\u017cy przedsi\u0119wzi\u0105\u0107 by sta\u0107 si\u0119 cz\u0119\u015bci\u0105 tej wspania\u0142ej organizacji: Grupa mailingowa Podstaw\u0105 jakiejkolwiek spo\u0142eczno\u015bci jest komunikacji. Wykorzystujemy do tego grup\u0119 mailingow\u0105.\u00a0Je\u017celi chcesz by\u0107 na bie\u017c\u0105co informowany o &hellip;<\/p>\n","protected":false},"author":1,"featured_media":0,"parent":0,"menu_order":0,"comment_status":"closed","ping_status":"closed","template":"","meta":{"footnotes":""},"class_list":["post-1110","page","type-page","status-publish","hentry"],"_links":{"self":[{"href":"https:\/\/knof.fuw.edu.pl\/index.php\/wp-json\/wp\/v2\/pages\/1110","targetHints":{"allow":["GET"]}}],"collection":[{"href":"https:\/\/knof.fuw.edu.pl\/index.php\/wp-json\/wp\/v2\/pages"}],"about":[{"href":"https:\/\/knof.fuw.edu.pl\/index.php\/wp-json\/wp\/v2\/types\/page"}],"author":[{"embeddable":true,"href":"https:\/\/knof.fuw.edu.pl\/index.php\/wp-json\/wp\/v2\/users\/1"}],"replies":[{"embeddable":true,"href":"https:\/\/knof.fuw.edu.pl\/index.php\/wp-json\/wp\/v2\/comments?post=1110"}],"version-history":[{"count":15,"href":"https:\/\/knof.fuw.edu.pl\/index.php\/wp-json\/wp\/v2\/pages\/1110\/revisions"}],"predecessor-version":[{"id":1845,"href":"https:\/\/knof.fuw.edu.pl\/index.php\/wp-json\/wp\/v2\/pages\/1110\/revisions\/1845"}],"wp:attachment":[{"href":"https:\/\/knof.fuw.edu.pl\/index.php\/wp-json\/wp\/v2\/media?parent=1110"}],"curies":[{"name":"wp","href":"https:\/\/api.w.org\/{rel}","templated":true}]}}